{"id":665,"date":"2023-05-10T21:05:12","date_gmt":"2023-05-10T19:05:12","guid":{"rendered":"http:\/\/regionplus.cz\/chuchle\/?page_id=665"},"modified":"2023-05-10T21:11:13","modified_gmt":"2023-05-10T19:11:13","slug":"vanatko-vlastimil","status":"publish","type":"page","link":"https:\/\/regionplus.cz\/chuchle\/vyznamne-osobnosti\/vanatko-vlastimil\/","title":{"rendered":"Va\u0148\u00e1tko Vlastimil"},"content":{"rendered":"<p>12. 7. 1929 &#8211; 2. 12. 2015<\/p>\n<p>Je poh\u0159eben\u00fd na nov\u00e9m h\u0159bitov\u011b (urnov\u00e9m h\u00e1ji) ve Velk\u00e9 Chuchli, \u010d\u00edslo hrobu 121<\/p>\n","protected":false},"excerpt":{"rendered":"<p>12. 7. 1929 &#8211; 2. 12. 2015 Je poh\u0159eben\u00fd na nov\u00e9m h\u0159bitov\u011b (urnov\u00e9m h\u00e1ji) ve Velk\u00e9 Chuchli, \u010d\u00edslo hrobu 121<\/p>\n","protected":false},"author":1,"featured_media":0,"parent":96,"menu_order":0,"comment_status":"closed","ping_status":"closed","template":"","meta":{"footnotes":""},"class_list":["post-665","page","type-page","status-publish","hentry"],"_links":{"self":[{"href":"https:\/\/regionplus.cz\/chuchle\/wp-json\/wp\/v2\/pages\/665","targetHints":{"allow":["GET"]}}],"collection":[{"href":"https:\/\/regionplus.cz\/chuchle\/wp-json\/wp\/v2\/pages"}],"about":[{"href":"https:\/\/regionplus.cz\/chuchle\/wp-json\/wp\/v2\/types\/page"}],"author":[{"embeddable":true,"href":"https:\/\/regionplus.cz\/chuchle\/wp-json\/wp\/v2\/users\/1"}],"replies":[{"embeddable":true,"href":"https:\/\/regionplus.cz\/chuchle\/wp-json\/wp\/v2\/comments?post=665"}],"version-history":[{"count":1,"href":"https:\/\/regionplus.cz\/chuchle\/wp-json\/wp\/v2\/pages\/665\/revisions"}],"predecessor-version":[{"id":666,"href":"https:\/\/regionplus.cz\/chuchle\/wp-json\/wp\/v2\/pages\/665\/revisions\/666"}],"up":[{"embeddable":true,"href":"https:\/\/regionplus.cz\/chuchle\/wp-json\/wp\/v2\/pages\/96"}],"wp:attachment":[{"href":"https:\/\/regionplus.cz\/chuchle\/wp-json\/wp\/v2\/media?parent=665"}],"curies":[{"name":"wp","href":"https:\/\/api.w.org\/{rel}","templated":true}]}}