{"id":599,"date":"2023-04-18T14:43:28","date_gmt":"2023-04-18T12:43:28","guid":{"rendered":"http:\/\/regionplus.cz\/chuchle\/?page_id=599"},"modified":"2023-04-18T15:11:46","modified_gmt":"2023-04-18T13:11:46","slug":"obchody","status":"publish","type":"page","link":"https:\/\/regionplus.cz\/chuchle\/zajimavosti\/obchody\/","title":{"rendered":"Obchody"},"content":{"rendered":"<div id=\"attachment_600\" style=\"width: 1677px\" class=\"wp-caption aligncenter\"><a href=\"http:\/\/regionplus.cz\/chuchle\/wp-content\/uploads\/sites\/2\/2023\/04\/spotrebnidruzstvovelkeprahy.jpg\"><img loading=\"lazy\" decoding=\"async\" aria-describedby=\"caption-attachment-600\" class=\"size-full wp-image-600\" src=\"http:\/\/regionplus.cz\/chuchle\/wp-content\/uploads\/sites\/2\/2023\/04\/spotrebnidruzstvovelkeprahy.jpg\" alt=\"\" width=\"1667\" height=\"1049\" srcset=\"https:\/\/regionplus.cz\/chuchle\/wp-content\/uploads\/sites\/2\/2023\/04\/spotrebnidruzstvovelkeprahy.jpg 1667w, https:\/\/regionplus.cz\/chuchle\/wp-content\/uploads\/sites\/2\/2023\/04\/spotrebnidruzstvovelkeprahy-300x189.jpg 300w, https:\/\/regionplus.cz\/chuchle\/wp-content\/uploads\/sites\/2\/2023\/04\/spotrebnidruzstvovelkeprahy-1024x644.jpg 1024w, https:\/\/regionplus.cz\/chuchle\/wp-content\/uploads\/sites\/2\/2023\/04\/spotrebnidruzstvovelkeprahy-768x483.jpg 768w, https:\/\/regionplus.cz\/chuchle\/wp-content\/uploads\/sites\/2\/2023\/04\/spotrebnidruzstvovelkeprahy-1536x967.jpg 1536w, https:\/\/regionplus.cz\/chuchle\/wp-content\/uploads\/sites\/2\/2023\/04\/spotrebnidruzstvovelkeprahy-477x300.jpg 477w\" sizes=\"auto, (max-width: 1667px) 100vw, 1667px\" \/><\/a><p id=\"caption-attachment-600\" class=\"wp-caption-text\">Provozovna Spot\u0159ebn\u00edho dru\u017estva Velk\u00e9 Prahy byla v Kaz\u00ednsk\u00e9 ulici ve Velk\u00e9 Chuchli<\/p><\/div>\n<div id=\"attachment_604\" style=\"width: 810px\" class=\"wp-caption aligncenter\"><a href=\"http:\/\/regionplus.cz\/chuchle\/wp-content\/uploads\/sites\/2\/2023\/04\/k-czak.jpg\"><img loading=\"lazy\" decoding=\"async\" aria-describedby=\"caption-attachment-604\" class=\"size-full wp-image-604\" src=\"http:\/\/regionplus.cz\/chuchle\/wp-content\/uploads\/sites\/2\/2023\/04\/k-czak.jpg\" alt=\"\" width=\"800\" height=\"504\" srcset=\"https:\/\/regionplus.cz\/chuchle\/wp-content\/uploads\/sites\/2\/2023\/04\/k-czak.jpg 800w, https:\/\/regionplus.cz\/chuchle\/wp-content\/uploads\/sites\/2\/2023\/04\/k-czak-300x189.jpg 300w, https:\/\/regionplus.cz\/chuchle\/wp-content\/uploads\/sites\/2\/2023\/04\/k-czak-768x484.jpg 768w, https:\/\/regionplus.cz\/chuchle\/wp-content\/uploads\/sites\/2\/2023\/04\/k-czak-476x300.jpg 476w\" sizes=\"auto, (max-width: 800px) 100vw, 800px\" \/><\/a><p id=\"caption-attachment-604\" class=\"wp-caption-text\">Koloni\u00e1l Karol\u00edny Cz\u00e1kov\u00e9 ve Velk\u00e9 Chuchli (dnes \u0159eznictv\u00ed U Fatk\u016f)<\/p><\/div>\n<p>&nbsp;<\/p>\n","protected":false},"excerpt":{"rendered":"<p>&nbsp;<\/p>\n","protected":false},"author":1,"featured_media":0,"parent":225,"menu_order":0,"comment_status":"closed","ping_status":"closed","template":"","meta":{"footnotes":""},"class_list":["post-599","page","type-page","status-publish","hentry"],"_links":{"self":[{"href":"https:\/\/regionplus.cz\/chuchle\/wp-json\/wp\/v2\/pages\/599","targetHints":{"allow":["GET"]}}],"collection":[{"href":"https:\/\/regionplus.cz\/chuchle\/wp-json\/wp\/v2\/pages"}],"about":[{"href":"https:\/\/regionplus.cz\/chuchle\/wp-json\/wp\/v2\/types\/page"}],"author":[{"embeddable":true,"href":"https:\/\/regionplus.cz\/chuchle\/wp-json\/wp\/v2\/users\/1"}],"replies":[{"embeddable":true,"href":"https:\/\/regionplus.cz\/chuchle\/wp-json\/wp\/v2\/comments?post=599"}],"version-history":[{"count":3,"href":"https:\/\/regionplus.cz\/chuchle\/wp-json\/wp\/v2\/pages\/599\/revisions"}],"predecessor-version":[{"id":605,"href":"https:\/\/regionplus.cz\/chuchle\/wp-json\/wp\/v2\/pages\/599\/revisions\/605"}],"up":[{"embeddable":true,"href":"https:\/\/regionplus.cz\/chuchle\/wp-json\/wp\/v2\/pages\/225"}],"wp:attachment":[{"href":"https:\/\/regionplus.cz\/chuchle\/wp-json\/wp\/v2\/media?parent=599"}],"curies":[{"name":"wp","href":"https:\/\/api.w.org\/{rel}","templated":true}]}}