{"id":538,"date":"2022-05-28T23:02:06","date_gmt":"2022-05-28T21:02:06","guid":{"rendered":"http:\/\/regionplus.cz\/chuchle\/?page_id=538"},"modified":"2025-09-23T22:50:52","modified_gmt":"2025-09-23T20:50:52","slug":"paroplavba","status":"publish","type":"page","link":"https:\/\/regionplus.cz\/chuchle\/zajimavosti\/doprava\/paroplavba\/","title":{"rendered":"Paroplavba"},"content":{"rendered":"<p>V druh\u00e9 polovin\u011b 19. stolet\u00ed p\u0159ibylo tak\u00e9 spojen\u00ed parn\u00edkem. Osobn\u00ed lodn\u00ed dopravu zde provozovala \u201ePra\u017esk\u00e1 spole\u010dnost pro paroplavbu na \u0159ece Vltav\u011b\u201c (provoz zah\u00e1jen 26. srpna 1865) a \u00a0n\u011bkolik soukrom\u00fdch dopravc\u016f. V roce 1883 za\u010dal M. Goldmann provozovat (podnik \u201eRychl\u00e1 sal\u00f3nn\u00ed paroplavba\u201c \u2013 pozd\u011bji \u201ePrvn\u00ed paroplavba na Vltav\u011b a Labi\u201c) pravidelnou dopravu z Prahy do Chuchle a od n\u00e1sleduj\u00edc\u00edho roku i linku Praha\u2013Zbraslav. Obratn\u00e1 obchodn\u00ed politika, n\u00edzk\u00e9 provozn\u00ed n\u00e1klady, velk\u00e1 konkurence donutily paroplavebn\u00ed spole\u010dnost, aby Goldmannovu koncesi z obavy p\u0159ed konkurenc\u00ed v roce 1889 za 40 000 zlat\u00fdch koupila. Pro p\u0159edstavu &#8211; j\u00edzda lod\u00ed od Palack\u00e9ho mostu do Mal\u00e9 Chuchle trvala v roce 1918 podle j\u00edzdn\u00edho \u0159\u00e1du 33 minut.<\/p>\n<p>Osobn\u00ed doprava parn\u00edkem za\u017eila svoji zlatou \u00e9ru do vzniku \u010ceskoslovensk\u00e9 republiky, pak byla postupn\u011b nahrazena rekrea\u010dn\u00ed dopravou. Na p\u0159elomu 19. a 20. stolet\u00ed nav\u00edc p\u0159ibyly i obl\u00edben\u00e9 p\u0159\u00edvozy, kter\u00e9 spojily Malou a Velkou Chuchli s Hodkovi\u010dkami, Bran\u00edkem a Mod\u0159any. Jejich \u00e9ra skon\u010dila na konci sedmdes\u00e1t\u00fdch let minul\u00e9ho stolet\u00ed.<\/p>\n","protected":false},"excerpt":{"rendered":"<p>V druh\u00e9 polovin\u011b 19. stolet\u00ed p\u0159ibylo tak\u00e9 spojen\u00ed parn\u00edkem. Osobn\u00ed lodn\u00ed dopravu zde provozovala \u201ePra\u017esk\u00e1 spole\u010dnost pro paroplavbu na \u0159ece Vltav\u011b\u201c (provoz zah\u00e1jen 26. srpna 1865) a \u00a0n\u011bkolik soukrom\u00fdch dopravc\u016f. V roce 1883 za\u010dal M. Goldmann provozovat (podnik \u201eRychl\u00e1 sal\u00f3nn\u00ed &hellip; <a href=\"https:\/\/regionplus.cz\/chuchle\/zajimavosti\/doprava\/paroplavba\/\">Cel\u00fd p\u0159\u00edsp\u011bvek <span class=\"meta-nav\">&rarr;<\/span><\/a><\/p>\n","protected":false},"author":1,"featured_media":0,"parent":285,"menu_order":0,"comment_status":"closed","ping_status":"closed","template":"","meta":{"footnotes":""},"class_list":["post-538","page","type-page","status-publish","hentry"],"_links":{"self":[{"href":"https:\/\/regionplus.cz\/chuchle\/wp-json\/wp\/v2\/pages\/538","targetHints":{"allow":["GET"]}}],"collection":[{"href":"https:\/\/regionplus.cz\/chuchle\/wp-json\/wp\/v2\/pages"}],"about":[{"href":"https:\/\/regionplus.cz\/chuchle\/wp-json\/wp\/v2\/types\/page"}],"author":[{"embeddable":true,"href":"https:\/\/regionplus.cz\/chuchle\/wp-json\/wp\/v2\/users\/1"}],"replies":[{"embeddable":true,"href":"https:\/\/regionplus.cz\/chuchle\/wp-json\/wp\/v2\/comments?post=538"}],"version-history":[{"count":3,"href":"https:\/\/regionplus.cz\/chuchle\/wp-json\/wp\/v2\/pages\/538\/revisions"}],"predecessor-version":[{"id":1212,"href":"https:\/\/regionplus.cz\/chuchle\/wp-json\/wp\/v2\/pages\/538\/revisions\/1212"}],"up":[{"embeddable":true,"href":"https:\/\/regionplus.cz\/chuchle\/wp-json\/wp\/v2\/pages\/285"}],"wp:attachment":[{"href":"https:\/\/regionplus.cz\/chuchle\/wp-json\/wp\/v2\/media?parent=538"}],"curies":[{"name":"wp","href":"https:\/\/api.w.org\/{rel}","templated":true}]}}