{"id":421,"date":"2022-01-20T15:44:12","date_gmt":"2022-01-20T14:44:12","guid":{"rendered":"http:\/\/regionplus.cz\/chuchle\/?page_id=421"},"modified":"2022-05-28T23:04:02","modified_gmt":"2022-05-28T21:04:02","slug":"vzorna-silnice-statni","status":"publish","type":"page","link":"https:\/\/regionplus.cz\/chuchle\/zajimavosti\/doprava\/vzorna-silnice-statni\/","title":{"rendered":"Vzorn\u00e1 silnice st\u00e1tn\u00ed"},"content":{"rendered":"<p>V polovici listopadu 1926 byla odevzd\u00e1na ve\u0159ejn\u00e9 doprav\u011b nov\u011b vybudovan\u00e1 st\u00e1tn\u00ed silnice z Mal\u00e9 Chuchle do Zbraslavi, na kter\u00e9 se od jara pracovalo \u2026<\/p>\n<p>Dne 19. listopadu president republiky T.G. Masaryk p\u0159ijel do Chuchle, aby shl\u00e9dl toto d\u00edlo modern\u00ed techniky. Doprov\u00e1zel ho \u0161\u00e9f vl\u00e1dy, ministr A. \u0160vehla a min. ve\u0159ejn\u00fdch prac\u00ed Spina, v\u00fdklad obstaral sek\u010dn\u00ed \u0161\u00e9f min. ve\u0159ejn\u00fdch prac\u00ed in\u017e. Herman. Pan president vystoupil u mostu, kde za\u010d\u00edn\u00e1 silnice, a tam ji\u017e \u010dekaly z\u00e1stupy m\u00edstn\u00edho ob\u010danstva, dosp\u011bl\u00ed i d\u011bti, aby shl\u00e9dli milou tv\u00e1\u0159 tat\u00ed\u010dka presidenta Osvoboditele. A s klidn\u00fdm a tich\u00fdm obdivem kr\u00e1\u010deli v jeho stop\u00e1ch sm\u011brem ku Zbraslavi, ve sm\u011bru poch\u016fzky, s n\u00edm\u017e zaznamen\u00e1v\u00e1m tuto episodku. N\u00e1hodou \u0161la proti n\u011bmu \u017ea\u010dka I. t\u0159\u00eddy Bohumila N\u011bmcov\u00e1 (L\u00e1ze\u0148 rest.), kter\u00e1 se sest\u0159i\u010dkou nesla kv\u011btiny z Waltrovky. Rychle vybrala n\u011bkolik chryzant\u00e9m a podala je presidentovi. Ten dotazem na \u017ea\u010dku, v\u00ed-li jak se ty kv\u011btiny jmenuj\u00ed, s \u00fasm\u011bvem a pohlad\u011bn\u00edm \u017ea\u010dky po l\u00edci, tuto pozornost kvitoval. O 5t\u00e9 hodin\u011b odpoledn\u00ed kon\u010dila poch\u016fzka a pan president s dru\u017einou vracel se na Hrad.<\/p>\n<p>Z kroniky obecn\u00e9 \u0161koly v Mal\u00e9 Chuchli (v soukrom\u00e9m dr\u017een\u00ed na Slovensku)<\/p>\n","protected":false},"excerpt":{"rendered":"<p>V polovici listopadu 1926 byla odevzd\u00e1na ve\u0159ejn\u00e9 doprav\u011b nov\u011b vybudovan\u00e1 st\u00e1tn\u00ed silnice z Mal\u00e9 Chuchle do Zbraslavi, na kter\u00e9 se od jara pracovalo \u2026 Dne 19. listopadu president republiky T.G. Masaryk p\u0159ijel do Chuchle, aby shl\u00e9dl toto d\u00edlo modern\u00ed techniky. &hellip; <a href=\"https:\/\/regionplus.cz\/chuchle\/zajimavosti\/doprava\/vzorna-silnice-statni\/\">Cel\u00fd p\u0159\u00edsp\u011bvek <span class=\"meta-nav\">&rarr;<\/span><\/a><\/p>\n","protected":false},"author":1,"featured_media":0,"parent":285,"menu_order":0,"comment_status":"closed","ping_status":"closed","template":"","meta":{"footnotes":""},"class_list":["post-421","page","type-page","status-publish","hentry"],"_links":{"self":[{"href":"https:\/\/regionplus.cz\/chuchle\/wp-json\/wp\/v2\/pages\/421","targetHints":{"allow":["GET"]}}],"collection":[{"href":"https:\/\/regionplus.cz\/chuchle\/wp-json\/wp\/v2\/pages"}],"about":[{"href":"https:\/\/regionplus.cz\/chuchle\/wp-json\/wp\/v2\/types\/page"}],"author":[{"embeddable":true,"href":"https:\/\/regionplus.cz\/chuchle\/wp-json\/wp\/v2\/users\/1"}],"replies":[{"embeddable":true,"href":"https:\/\/regionplus.cz\/chuchle\/wp-json\/wp\/v2\/comments?post=421"}],"version-history":[{"count":1,"href":"https:\/\/regionplus.cz\/chuchle\/wp-json\/wp\/v2\/pages\/421\/revisions"}],"predecessor-version":[{"id":422,"href":"https:\/\/regionplus.cz\/chuchle\/wp-json\/wp\/v2\/pages\/421\/revisions\/422"}],"up":[{"embeddable":true,"href":"https:\/\/regionplus.cz\/chuchle\/wp-json\/wp\/v2\/pages\/285"}],"wp:attachment":[{"href":"https:\/\/regionplus.cz\/chuchle\/wp-json\/wp\/v2\/media?parent=421"}],"curies":[{"name":"wp","href":"https:\/\/api.w.org\/{rel}","templated":true}]}}