{"id":301,"date":"2021-10-03T00:13:29","date_gmt":"2021-10-02T22:13:29","guid":{"rendered":"http:\/\/regionplus.cz\/chuchle\/?page_id=301"},"modified":"2025-09-23T22:38:24","modified_gmt":"2025-09-23T20:38:24","slug":"zdroje-prameny-literatura","status":"publish","type":"page","link":"https:\/\/regionplus.cz\/chuchle\/zdroje-prameny-literatura\/","title":{"rendered":"Zdroje, prameny, literatura"},"content":{"rendered":"<h1>Prameny<\/h1>\n<p><strong>Archiv hlavn\u00edho m\u011bsta Prahy <\/strong><\/p>\n<ul>\n<li>fond \u00da\u0159ad m\u011bstsk\u00e9 \u010d\u00e1sti Praha-Velk\u00e1 Chuchle<\/li>\n<li>fond N\u00e1rodn\u00ed jednota po\u0161umavsk\u00e1 &#8211; m\u00edstn\u00ed odbor Praha XVI. &#8211; Mal\u00e1 Chuchle<\/li>\n<\/ul>\n<p><strong>Mapov\u00e1 sb\u00edrka Univerzity Karlovy<\/strong><\/p>\n<p><strong>St\u00e1tn\u00ed oblastn\u00ed archiv v\u00a0Praze\u00a0 <\/strong><\/p>\n<ul>\n<li>fond Velkostatek Zbraslav<\/li>\n<\/ul>\n<p><strong>St\u00e1tn\u00ed okresn\u00ed archiv Praha-venkov se s\u00eddlem v Dob\u0159ichovic\u00edch<\/strong><\/p>\n<ul>\n<li>fond Okresn\u00ed zastupitelstvo Zbraslav<\/li>\n<li>fond Farn\u00ed \u00fa\u0159ad Zbraslav<\/li>\n<li>fond Archiv obce Velk\u00e1 Chuchle<\/li>\n<li>fond M\u00edstn\u00ed n\u00e1rodn\u00ed v\u00fdbor Velk\u00e1 Chuchle<\/li>\n<li>fond N\u00e1rodn\u00ed \u0161kola Velk\u00e1 Chuchle<\/li>\n<li>fond M\u00edstn\u00ed \u0161koln\u00ed rada Velk\u00e1 Chuchle<\/li>\n<\/ul>\n<p><strong>M\u011bstsk\u00e1 \u010d\u00e1st Praha &#8211; Velk\u00e1 Chuchle<\/strong><\/p>\n<ul>\n<li>Archiv kroniky m\u011bstsk\u00e9 \u010d\u00e1sti Praha &#8211; Velk\u00e1 Chuchle<\/li>\n<li>Stavebn\u00ed archiv<\/li>\n<li>www.chuchle.cz &#8211; ofici\u00e1ln\u00ed str\u00e1nky m\u011bstsk\u00e9 \u010d\u00e1sti Praha &#8211; Velk\u00e1 Chuchle (2000 &#8211; 2025)<\/li>\n<\/ul>\n<h1>Periodika<\/h1>\n<ul>\n<li>Chuchelsk\u00fd zpravodaj 1995 \u2013 2025<\/li>\n<li>Paddock revue 2004 &#8211; 2008<\/li>\n<li>\u0160em\u00edk \u2013 radot\u00ednsk\u00fd informa\u010dn\u00ed zpravodaj 1990 \u2013 2012<\/li>\n<li>Zbraslavsk\u00e9 noviny 1990 \u2013 2025<\/li>\n<\/ul>\n<h1><\/h1>\n<h1>Literatura<\/h1>\n<ul>\n<li>Arbes, J.: Okol\u00ed Prahy, Praha 1960.<\/li>\n<li>\u010cejka, A.: Pom\u00edstn\u00ed jm\u00e9na na katastru obce Velk\u00e1 Chuchle. Velk\u00e1 Chuchle 1964. (strojopis, ulo\u017eeno v\u00a0archivu Onomastick\u00e9ho \u00faseku \u00dastavu pro jazyk \u010desk\u00fd AV \u010cR)<\/li>\n<li>Fuchs, M.: Mal\u00e1 a Velk\u00e1 Chuchle \u2013 v\u00fdvoj l\u00e1zn\u00ed. Nepublikovan\u00e1 diplomov\u00e1 pr\u00e1ce, \u010cVUT v\u00a0Praze 1978.<\/li>\n<li>Du\u0161an, J.: Encyklopedie most\u016f v\u00a0\u010cech\u00e1ch, na Morav\u011b a ve Slezsku, Praha 1999.<\/li>\n<li>Dudek, F.: Po\u010d\u00e1tky \u0159epn\u00e9ho cukrovarnictv\u00ed v \u010cech\u00e1ch : p\u0159\u00edsp\u011bvek k hospod\u00e1\u0159sk\u00fdm d\u011bjin\u00e1m 30. a 40. let 19. stolet\u00ed, Pod\u011bbrady 1973.<\/li>\n<li>Fischer, J. \u2013 Fischer, O.: Pra\u017esk\u00e9 mosty. Praha 1985.<\/li>\n<li>Fojt\u00edk, P.: Pra\u017esk\u00fd dopravn\u00ed zem\u011bpis. Sv. 2. Obce p\u0159ipojen\u00e9 ku Praze v letech 1960 a 1968. Praha 2001.<\/li>\n<li>Hansl, F.: Sm\u00edchovsko a Zbraslavsko, Sm\u00edchov 1899.<\/li>\n<li>Holec, F.: Kronika kr\u00e1lovsk\u00e9 Prahy a obc\u00ed sousedn\u00edch ; D\u00edl 4. P\u0159ipojen\u00e9 obce a zanikl\u00e9 osady. Praha 1996.<\/li>\n<li>Hrdina, K.(editor): Pokra\u010dovatel\u00e9 Kosmovi. Praha 1950.<\/li>\n<li>Hrom\u00e1dka, T.: Mal\u00e1 a Velk\u00e1 Chuchle \u2013 pr\u016fvodce histori\u00ed. Praha 1995<\/li>\n<li>Hrom\u00e1dka, T.: Z\u00a0pam\u011bt\u00ed chuchelsk\u00e9 \u0161koly 1815 \u2013 1963. Praha 2005.<\/li>\n<li>Hrom\u00e1dka, T. \u2013 C\u00e1p, M.: Sl\u00e1va chuchelsk\u00fdch dostih\u016f. Praha 2006.<\/li>\n<li>Chlup\u00e1\u010d, I.: Geologick\u00e1 minulost \u010cesk\u00e9 republiky, Praha 2002.<\/li>\n<li>Chlup\u00e1\u010d, I.: Geologick\u00e9 zaj\u00edmavosti pra\u017esk\u00e9ho okol\u00ed, Praha 1988.<\/li>\n<li>Chlup\u00e1\u010d, I.: Vych\u00e1zky za geologickou minulost\u00ed Prahy a okol\u00ed, Praha 1999.<\/li>\n<li>Johanides, J.: Magdalena Dobromila Rettigov\u00e1. Rychnov nad Kn\u011b\u017enou 1995.<\/li>\n<li>K\u0159\u00ed\u017e, J.: Geologick\u00e9 pam\u00e1tky Prahy: proterozoikum a star\u0161\u00ed prvohory. Praha 1999.<\/li>\n<li>Kub\u00edkov\u00e1, J., Lo\u017eek, V. \u2013 \u0160pry\u0148ar, P. a kol.: Chr\u00e1n\u011bn\u00e1 \u00fazem\u00ed \u010cR. 12 \u2013 Praha. Brno 2005.<\/li>\n<li>La\u0161\u0165ovka, M. a kol.: Pra\u017esk\u00fd uli\u010dn\u00edk. I. d\u00edl. Praha 1997.<\/li>\n<li>La\u0161\u0165ovka, M. a kol.: Pra\u017esk\u00fd uli\u010dn\u00edk. II. d\u00edl. Praha 1999.<\/li>\n<li>Lutterer, I. \u2013 Majt\u00e1n, M. \u2013 \u0160r\u00e1mek, R.: Zem\u011bpisn\u00e1 jm\u00e9na \u010ceskoslovenska, Praha 1982.<\/li>\n<li>Neumann, E.: Zbraslavsko. Pr\u016fvodce St\u0159edovltav\u00edm. Praha 1932.<\/li>\n<li>Olivov\u00e1 \u2013 Nezbedov\u00e1, L.: M\u00edstn\u00ed jm\u00e9na v\u00a0\u010cech\u00e1ch, Praha 1995.<\/li>\n<li>Ott\u016fv slovn\u00edk nau\u010dn\u00fd, d\u00edl XII., Praha 1897.<\/li>\n<li>Ott\u016fv slovn\u00edk nau\u010dn\u00fd, d\u00edl XVIII., Praha 1902<\/li>\n<li>Podlaha, A.: Posv\u00e1tn\u00e1 m\u00edsta kr\u00e1lovstv\u00ed \u010cesk\u00e9ho. D\u00edl III. Praha 1909.<\/li>\n<li>Profous, A.: M\u00edstn\u00ed jm\u00e9na v\u00a0\u010cech\u00e1ch. II. d\u00edl. Praha 1949.<\/li>\n<li>R\u016f\u017ei\u010dka, V.: Dolomitov\u00fd d\u016fl u Slivence a jeho okol\u00ed. Praha 1925.<\/li>\n<li>Schaller, J.: Topographie des K\u00f6nigreichs B\u00f6hmen. Achter Theil. Berauner Kreis. 1788.<\/li>\n<li>Tadra, F.: Listy kl\u00e1\u0161tera Zbraslavsk\u00e9ho. Praha 1904.<\/li>\n<li>Tlap\u00e1k, J.: Z\u00a0historie pra\u017esk\u00fdch p\u0159edm\u011bst\u00ed na lev\u00e9m b\u0159ehu Vltavy. In: Pra\u017esk\u00fd sborn\u00edk historick\u00fd, Praha 1966, s. 56-71.<\/li>\n<li>Tuh\u00e1\u010dek, J.: Stru\u010dn\u00e9 d\u011bjiny Velk\u00e9 Chuchl, Praha 1983. (rukopis)<\/li>\n<li>V\u00e1vra, J.: Ve\u0159ejn\u00e9 knihovny hlavn\u00edho m\u011bsta Prahy (historick\u00fd v\u00fdvoj knihovn\u00ed s\u00edt\u011b), Praha 2003 [p\u0159\u00edstupno z\u00a0<a href=\"http:\/\/www.mlp.cz\/\">http:\/\/www.mlp.cz<\/a>]<\/li>\n<li>Zelinka, T.: Pra\u017esk\u00e1 p\u0159edm\u011bst\u00ed, Praha 1955.<\/li>\n<li>Zl\u00e1man\u00fd, J.: Velk\u00e1 Chuchle dostihov\u00e1 aneb Pr\u016f\u0159ez histori\u00ed hlavn\u00edho \u010desk\u00e9ho z\u00e1vodi\u0161t\u011b. Pardubice 2003.<\/li>\n<\/ul>\n","protected":false},"excerpt":{"rendered":"<p>Prameny Archiv hlavn\u00edho m\u011bsta Prahy fond \u00da\u0159ad m\u011bstsk\u00e9 \u010d\u00e1sti Praha-Velk\u00e1 Chuchle fond N\u00e1rodn\u00ed jednota po\u0161umavsk\u00e1 &#8211; m\u00edstn\u00ed odbor Praha XVI. &#8211; Mal\u00e1 Chuchle Mapov\u00e1 sb\u00edrka Univerzity Karlovy St\u00e1tn\u00ed oblastn\u00ed archiv v\u00a0Praze\u00a0 fond Velkostatek Zbraslav St\u00e1tn\u00ed okresn\u00ed archiv Praha-venkov se s\u00eddlem &hellip; <a href=\"https:\/\/regionplus.cz\/chuchle\/zdroje-prameny-literatura\/\">Cel\u00fd p\u0159\u00edsp\u011bvek <span class=\"meta-nav\">&rarr;<\/span><\/a><\/p>\n","protected":false},"author":1,"featured_media":0,"parent":0,"menu_order":0,"comment_status":"closed","ping_status":"closed","template":"","meta":{"footnotes":""},"class_list":["post-301","page","type-page","status-publish","hentry"],"_links":{"self":[{"href":"https:\/\/regionplus.cz\/chuchle\/wp-json\/wp\/v2\/pages\/301","targetHints":{"allow":["GET"]}}],"collection":[{"href":"https:\/\/regionplus.cz\/chuchle\/wp-json\/wp\/v2\/pages"}],"about":[{"href":"https:\/\/regionplus.cz\/chuchle\/wp-json\/wp\/v2\/types\/page"}],"author":[{"embeddable":true,"href":"https:\/\/regionplus.cz\/chuchle\/wp-json\/wp\/v2\/users\/1"}],"replies":[{"embeddable":true,"href":"https:\/\/regionplus.cz\/chuchle\/wp-json\/wp\/v2\/comments?post=301"}],"version-history":[{"count":4,"href":"https:\/\/regionplus.cz\/chuchle\/wp-json\/wp\/v2\/pages\/301\/revisions"}],"predecessor-version":[{"id":1207,"href":"https:\/\/regionplus.cz\/chuchle\/wp-json\/wp\/v2\/pages\/301\/revisions\/1207"}],"wp:attachment":[{"href":"https:\/\/regionplus.cz\/chuchle\/wp-json\/wp\/v2\/media?parent=301"}],"curies":[{"name":"wp","href":"https:\/\/api.w.org\/{rel}","templated":true}]}}