{"id":299,"date":"2021-10-03T00:12:56","date_gmt":"2021-10-02T22:12:56","guid":{"rendered":"http:\/\/regionplus.cz\/chuchle\/?page_id=299"},"modified":"2022-04-12T08:24:20","modified_gmt":"2022-04-12T06:24:20","slug":"prvni-prazske-hasicske-muzeum","status":"publish","type":"page","link":"https:\/\/regionplus.cz\/chuchle\/zajimavosti\/prvni-prazske-hasicske-muzeum\/","title":{"rendered":"Prvn\u00ed pra\u017esk\u00e9 hasi\u010dsk\u00e9 muzeum"},"content":{"rendered":"<p>Mezi velmi unik\u00e1tn\u00ed projekty ve Velk\u00e9 Chuchli pat\u0159\u00ed Prvn\u00ed pra\u017esk\u00e9 hasi\u010dsk\u00e9 muzeum, kter\u00e9 bylo otev\u0159eno 11. prosince 2003. Expon\u00e1ty jsou ulo\u017eeny ve t\u0159ech m\u00edstnostech a jak ji\u017e n\u00e1zev muzea napov\u00edd\u00e1, jedn\u00e1 se o p\u0159edm\u011bty z hasi\u010dsk\u00e9 historie, a to hlavn\u011b uniformy, helmy, plakety, medaile nebo diplomy.<\/p>\n<p>Nejcenn\u011bj\u0161\u00ed je star\u00e1 hasi\u010dsk\u00e1 st\u0159\u00edka\u010dka, kterou autor v\u00fdstavy a majitel soukrom\u00e9ho muzea Zby\u0161ek Vo\u017eniak zakoupil jako haldu \u0161rotu a po zrestaurov\u00e1n\u00ed ji ve v\u00fdstavn\u00edch prostorech smontoval, dve\u0159mi by toti\u017e neprojela. Muzeum je p\u0159\u00edstupn\u00e9 jen po telefonick\u00e9 dohod\u011b.<\/p>\n<p><strong><span style=\"color: #ff0000;\">Adresa muzea:<\/span><\/strong> V \u00davoze 155, 159 00 Praha 5 &#8211;\u00a0 Velk\u00e1 Chuchle, tel. 728 070 001<\/p>\n<p><strong><span style=\"color: #ff0000;\">Dal\u0161\u00ed informace:<\/span><\/strong> <a href=\"http:\/\/regionplus.cz\/chuchle\/vyznamne-osobnosti\/vozniak-zbysek\/\">Zby\u0161ek Vo\u017eniak (v rubrice V\u00fdznamn\u00e9 chuchelsk\u00e9 osobnosti)\u00a0<\/a><\/p>\n","protected":false},"excerpt":{"rendered":"<p>Mezi velmi unik\u00e1tn\u00ed projekty ve Velk\u00e9 Chuchli pat\u0159\u00ed Prvn\u00ed pra\u017esk\u00e9 hasi\u010dsk\u00e9 muzeum, kter\u00e9 bylo otev\u0159eno 11. prosince 2003. Expon\u00e1ty jsou ulo\u017eeny ve t\u0159ech m\u00edstnostech a jak ji\u017e n\u00e1zev muzea napov\u00edd\u00e1, jedn\u00e1 se o p\u0159edm\u011bty z hasi\u010dsk\u00e9 historie, a to hlavn\u011b &hellip; <a href=\"https:\/\/regionplus.cz\/chuchle\/zajimavosti\/prvni-prazske-hasicske-muzeum\/\">Cel\u00fd p\u0159\u00edsp\u011bvek <span class=\"meta-nav\">&rarr;<\/span><\/a><\/p>\n","protected":false},"author":1,"featured_media":0,"parent":225,"menu_order":0,"comment_status":"closed","ping_status":"closed","template":"","meta":{"footnotes":""},"class_list":["post-299","page","type-page","status-publish","hentry"],"_links":{"self":[{"href":"https:\/\/regionplus.cz\/chuchle\/wp-json\/wp\/v2\/pages\/299","targetHints":{"allow":["GET"]}}],"collection":[{"href":"https:\/\/regionplus.cz\/chuchle\/wp-json\/wp\/v2\/pages"}],"about":[{"href":"https:\/\/regionplus.cz\/chuchle\/wp-json\/wp\/v2\/types\/page"}],"author":[{"embeddable":true,"href":"https:\/\/regionplus.cz\/chuchle\/wp-json\/wp\/v2\/users\/1"}],"replies":[{"embeddable":true,"href":"https:\/\/regionplus.cz\/chuchle\/wp-json\/wp\/v2\/comments?post=299"}],"version-history":[{"count":4,"href":"https:\/\/regionplus.cz\/chuchle\/wp-json\/wp\/v2\/pages\/299\/revisions"}],"predecessor-version":[{"id":497,"href":"https:\/\/regionplus.cz\/chuchle\/wp-json\/wp\/v2\/pages\/299\/revisions\/497"}],"up":[{"embeddable":true,"href":"https:\/\/regionplus.cz\/chuchle\/wp-json\/wp\/v2\/pages\/225"}],"wp:attachment":[{"href":"https:\/\/regionplus.cz\/chuchle\/wp-json\/wp\/v2\/media?parent=299"}],"curies":[{"name":"wp","href":"https:\/\/api.w.org\/{rel}","templated":true}]}}