{"id":289,"date":"2021-10-03T00:09:35","date_gmt":"2021-10-02T22:09:35","guid":{"rendered":"http:\/\/regionplus.cz\/chuchle\/?page_id=289"},"modified":"2022-02-22T12:11:24","modified_gmt":"2022-02-22T11:11:24","slug":"povodne","status":"publish","type":"page","link":"https:\/\/regionplus.cz\/chuchle\/priroda\/vltava\/povodne\/","title":{"rendered":"Povodn\u011b"},"content":{"rendered":"<ul>\n<li>V roce 1431 pr\u00fd povode\u0148 zni\u010dila v\u0161echny ml\u00fdny \u201evelikost vody do t\u00fdhodne trvala a pobrala u\u017e mnoho vs\u00ed, lidi a dobytek stopila a domy zbo\u0159ila. Od potopy sv\u011bta tak velik\u00e9 vody nebylo.\u201c<\/li>\n<li>T\u00e9m\u011b\u0159 o t\u0159i sta let pozd\u011bji, v roce 1771 nastal na Zbraslavsku ne\u00farodn\u00fd rok a v t\u00e9m\u017ee roce byla Chuchle sti\u017eena nesl\u00fdchanou povodn\u00ed. Ve v\u00ed\u017ece kostela Narozen\u00ed Panny Marie v Mal\u00e9 Chuchli byla p\u0159i oprav\u011b v druh\u00e9 polovin\u011b 19. stolet\u00ed nalezena listina, pr\u00e1v\u011b z uveden\u00e9ho roku, v n\u00ed\u017e byla rozs\u00e1hl\u00e1 (21 slok) prosebn\u00e1 p\u00edse\u0148 k Pann\u011b Marii Zbraslavsk\u00e9, kde je popisov\u00e1na hroziv\u00e1 povode\u0148 a zdej\u0161\u00ed ob\u010dan\u00e9 proto o pomoc pros\u00ed pr\u00e1v\u011b Pannu Marii. N\u00e1sleduj\u00edc\u00ed uk\u00e1zka je z jeden\u00e1ct\u00e9 sloky:<\/li>\n<\/ul>\n<p style=\"text-align: center;\"><em>Ji\u017e o n\u011bm\u017e to zav\u00edr\u00e1m<\/em><\/p>\n<p style=\"text-align: center;\"><em>mou \u017e\u00e1dost otv\u00edr\u00e1m:<\/em><\/p>\n<p style=\"text-align: center;\"><em>Ty jsi \u0159eku zastavila<\/em><\/p>\n<p style=\"text-align: center;\"><em>t\u00edm jsi se n\u00e1m oslavila:<\/em><\/p>\n<p style=\"text-align: center;\"><em>Zastav, Kr\u00e1lovno, vody,<\/em><\/p>\n<p style=\"text-align: center;\"><em>by ned\u011blaly \u0161kody&#8230;<\/em><\/p>\n<p style=\"text-align: center;\">\n<ul>\n<li>Dal\u0161\u00ed velk\u00e1 povode\u0148 p\u0159i\u0161la do Chuchle v roce 1815. Tehdy bylo pobo\u0159eno sedmn\u00e1ct staven\u00ed, zahrady byly zni\u010deny a celkem 129 kus\u016f dobytka zahynulo. V Mal\u00e9 Chuchli povode\u0148 vyplavila i hroby p\u016fvodn\u00edho h\u0159bitova. Rycht\u00e1\u0159 V\u00e1clav B\u00edl\u00fd byl proto nucen zalo\u017eit nov\u00fd h\u0159bitov nedaleko kostela sv. Jana Nepomuck\u00e9ho, v dne\u0161n\u00edm Chuchelsk\u00e9m h\u00e1ji. Jenom v Chuchli tehdy \u010dinila \u0161koda 26 000 zlat\u00fdch. Tato povode\u0148 ale nebyla v 19. stolet\u00ed posledn\u00ed. Dal\u0161\u00ed p\u0159i\u0161ly je\u0161t\u011b v roce 1845 a 1875 a v\u016fbec nejhor\u0161\u00ed pak v z\u00e1\u0159\u00ed roku 1890, ta dokonce pobo\u0159ila v Praze Karl\u016fv most. V t\u00e9 dob\u011b byla p\u0159i t\u00e9to tzv. stolet\u00e9 vod\u011b na n\u011bkolika m\u00edstech p\u0159erv\u00e1na silnice do Chuchle a na Zbraslav. Ve\u0161ker\u00e9 spojen\u00ed bylo p\u0159eru\u0161eno. V\u0161ude plaval utopen\u00fd dobytek a chuchelsk\u00e9 obyvatelstvo se nakonec muselo zachr\u00e1nit \u00fat\u011bkem na Zbraslav&#8230;<\/li>\n<li>Povodn\u011b se ve dvac\u00e1t\u00e9m stolet\u00ed nevyh\u00fdbaly ani chuchelsk\u00e9mu z\u00e1vodi\u0161ti a nedalek\u00e9mu h\u0159i\u0161ti \u010cechoslovanu. Prvn\u00ed velkou vodu zde obyvatel\u00e9 za\u017eili v letech 1940 a 1941. Tehdy taj\u00edc\u00ed ledy zaplavily dostihov\u00e9 z\u00e1vodi\u0161t\u011b a chuchel\u0161t\u00ed museli b\u00fdt pozd\u011bji z okoln\u00edch dom\u016f vypro\u0161\u0165ov\u00e1ni na lo\u010fk\u00e1ch&#8230; O t\u00e9to povodni se dochovaly v N\u00e1rodn\u00edm filmov\u00e9m archivu dokument\u00e1rn\u00ed z\u00e1b\u011bry. Lep\u0161\u00ed situace pro dostihov\u00fd are\u00e1l a fotbalov\u00e9 h\u0159i\u0161t\u011b u Vltavy nastala a\u017e v roce 1954, kdy hroz\u00edc\u00ed povodni zabr\u00e1nila na\u0161t\u011bst\u00ed pr\u00e1v\u011b postaven\u00e1 Slapsk\u00e1 p\u0159ehrada.<\/li>\n<li>P\u0159i jarn\u00ed povodni na \u0159ece Berounce v roce\u00a0 1981 bylo mo\u017en\u00e9 na dostihov\u00e9m z\u00e1vodi\u0161ti plout na lo\u010fk\u00e1ch, proto\u017ee t\u00e9m\u011b\u0159 cel\u00e1 plocha, a\u017e ke star\u00fdm secesn\u00edm tribun\u00e1m byla zatopen\u00e1.<\/li>\n<li>Do \u017eivota Mal\u00e9 a Velk\u00e9 Chuchle v\u00fdrazn\u011b zas\u00e1hly povodn\u011b v letech 2002 a 2013.<\/li>\n<\/ul>\n<p>&nbsp;<\/p>\n","protected":false},"excerpt":{"rendered":"<p>V roce 1431 pr\u00fd povode\u0148 zni\u010dila v\u0161echny ml\u00fdny \u201evelikost vody do t\u00fdhodne trvala a pobrala u\u017e mnoho vs\u00ed, lidi a dobytek stopila a domy zbo\u0159ila. Od potopy sv\u011bta tak velik\u00e9 vody nebylo.\u201c T\u00e9m\u011b\u0159 o t\u0159i sta let pozd\u011bji, v roce &hellip; <a href=\"https:\/\/regionplus.cz\/chuchle\/priroda\/vltava\/povodne\/\">Cel\u00fd p\u0159\u00edsp\u011bvek <span class=\"meta-nav\">&rarr;<\/span><\/a><\/p>\n","protected":false},"author":1,"featured_media":0,"parent":166,"menu_order":0,"comment_status":"closed","ping_status":"closed","template":"","meta":{"footnotes":""},"class_list":["post-289","page","type-page","status-publish","hentry"],"_links":{"self":[{"href":"https:\/\/regionplus.cz\/chuchle\/wp-json\/wp\/v2\/pages\/289","targetHints":{"allow":["GET"]}}],"collection":[{"href":"https:\/\/regionplus.cz\/chuchle\/wp-json\/wp\/v2\/pages"}],"about":[{"href":"https:\/\/regionplus.cz\/chuchle\/wp-json\/wp\/v2\/types\/page"}],"author":[{"embeddable":true,"href":"https:\/\/regionplus.cz\/chuchle\/wp-json\/wp\/v2\/users\/1"}],"replies":[{"embeddable":true,"href":"https:\/\/regionplus.cz\/chuchle\/wp-json\/wp\/v2\/comments?post=289"}],"version-history":[{"count":3,"href":"https:\/\/regionplus.cz\/chuchle\/wp-json\/wp\/v2\/pages\/289\/revisions"}],"predecessor-version":[{"id":466,"href":"https:\/\/regionplus.cz\/chuchle\/wp-json\/wp\/v2\/pages\/289\/revisions\/466"}],"up":[{"embeddable":true,"href":"https:\/\/regionplus.cz\/chuchle\/wp-json\/wp\/v2\/pages\/166"}],"wp:attachment":[{"href":"https:\/\/regionplus.cz\/chuchle\/wp-json\/wp\/v2\/media?parent=289"}],"curies":[{"name":"wp","href":"https:\/\/api.w.org\/{rel}","templated":true}]}}