{"id":281,"date":"2021-10-03T00:06:54","date_gmt":"2021-10-02T22:06:54","guid":{"rendered":"http:\/\/regionplus.cz\/chuchle\/?page_id=281"},"modified":"2022-01-20T15:33:04","modified_gmt":"2022-01-20T14:33:04","slug":"chuchelsky-ulicnik","status":"publish","type":"page","link":"https:\/\/regionplus.cz\/chuchle\/zajimavosti\/chuchelsky-ulicnik\/","title":{"rendered":"Chuchelsk\u00fd uli\u010dn\u00edk"},"content":{"rendered":"<p>V souvislosti s p\u0159ipojen\u00edm Mal\u00e9 Chuchle ku Praze v roce 1922 vyvstal poprv\u00e9 probl\u00e9m s pojmenov\u00e1n\u00edm ulic. A\u017e do t\u00e9 doby zdej\u0161\u00ed uli\u010dky nem\u011bly \u017e\u00e1dn\u00e1 ofici\u00e1ln\u00ed jm\u00e9na, ta dostala pr\u00e1v\u011b a\u017e v letech 1925\u20131928. Je\u0161t\u011b na pl\u00e1nech Velk\u00e9 Prahy z let 1922, 1923 a 1924, s v\u00fdjimkou hlavn\u00ed silnice od Hlubo\u010dep, kter\u00e9 se odprad\u00e1vna \u0159\u00edk\u00e1 Zbraslavsk\u00e1, u Mal\u00e9 Chuchle \u017e\u00e1dn\u00e9 ozna\u010den\u00ed ulic nebylo. Pops\u00e1na byla jen samotn\u00e1 obec, fili\u00e1ln\u00ed kostel P. Marie, poutn\u00ed kostel sv. Jana Nepomuck\u00e9ho a \u017eelezni\u010dn\u00ed stanice. Teprve na Prvn\u00edm \u00fapln\u00e9m pl\u00e1nu Velk\u00e9 Prahy (1:10 000) je mo\u017en\u00e9 naj\u00edt ulici V uli\u010dce. Tehdy byla tak\u00e9 pojmenov\u00e1na ulice V L\u00e1zn\u00edch, podle b\u00fdval\u00fdch l\u00e1zn\u00ed, kter\u00e9 se tu od 18. stolet\u00ed nach\u00e1zely.<\/p>\n<p>V sedmdes\u00e1t\u00fdch letech 20. stolet\u00ed byla d\u00e1le pojmenov\u00e1na spojovac\u00ed komunikace mezi ulic\u00ed Strakonickou a Zbraslavskou, a to na Podjezd (podjezd pod trat\u00ed Praha\u2013Beroun). V roce 2007 p\u0159ibyly rozhodnut\u00edm m\u00edstn\u00ed rady dv\u011b nov\u00e9 ulice Paroplavebn\u00ed, p\u0159ipom\u00ednaj\u00edc\u00ed dlouholetou tradici osobn\u00ed lodn\u00ed dopravy mezi Chuchl\u00ed a Prahou a Mezichuchelsk\u00e1, spojuj\u00edc\u00ed ob\u011b Chuchle.<\/p>\n<p>Ve Velk\u00e9 Chuchli byl stav m\u00edstn\u00edch jmen pom\u011brn\u011b slo\u017eit\u011bj\u0161\u00ed. A\u017e do konce prvn\u00ed poloviny dvac\u00e1t\u00e9ho stolet\u00ed zde neexistovaly jednotn\u00e9 n\u00e1zvy ulic a tak pro orientaci se pou\u017e\u00edvalo zejm\u00e9na popisn\u00fdch \u010d\u00edsel. Pro obecn\u011bj\u0161\u00ed pojmenov\u00e1n\u00ed \u00fazem\u00ed pak slou\u017eila pom\u00edstn\u00ed jm\u00e9na a jm\u00e9na m\u00edstn\u00edch \u010d\u00e1st\u00ed tehdej\u0161\u00ed obce.<\/p>\n<p>Nap\u0159\u00edklad ve t\u0159ic\u00e1t\u00fdch letech 20. stolet\u00ed existovala tato pojmenov\u00e1n\u00ed chuchelsk\u00fdch \u010d\u00e1st\u00ed: Mr\u00e1zovka, V dol\u00edch, D\u011blnick\u00e1 \u010dtvr\u0165 a Hv\u011bzd\u00e1rna. N\u00e1zvy vznikly p\u0159ev\u00e1\u017en\u011b na po\u010d\u00e1tku stolet\u00ed v souvislosti s rozvojem v\u00fdstavby kolem st\u0159edov\u011bk\u00e9ho \u2013 typicky neuspo\u0159\u00e1dan\u00e9ho j\u00e1dra obce. O v\u00fdznamu t\u011bchto jmen koluj\u00ed dodnes mezi ob\u010dany Velk\u00e9 Chuchle r\u016fzn\u00e9 pov\u011bsti (nap\u0159\u00edklad o kopci Hv\u011bzd\u00e1rna se vypr\u00e1v\u00ed, \u017ee zde m\u011bl \u00fadajn\u011b svoji observato\u0159 Tycho de Brahe, o Mr\u00e1zovce pak, \u017ee zdej\u0161\u00ed domy byly stav\u011bny v zim\u011b).<\/p>\n<p>Ulice byly pojmenov\u00e1v\u00e1ny pr\u016fb\u011b\u017en\u011b a\u017e po II. sv\u011btov\u00e9 v\u00e1lce, p\u0159edev\u0161\u00edm pak v pades\u00e1t\u00fdch a \u0161edes\u00e1t\u00fdch letech. V n\u00e1zvoslov\u00ed ulic je patrn\u00fd je i vliv tehdej\u0161\u00ed doby. Tak nap\u0159\u00edklad dne\u0161n\u00ed hlavn\u00ed a z\u0159ejm\u011b nejstar\u0161\u00ed komunikace vedouc\u00ed centrem Velk\u00e9 Chuchle, ulice Starochuchelsk\u00e1 se v letech 1964\u20131972 jmenovala Julia Fu\u010d\u00edka, nebo dne\u0161n\u00ed ulice Strm\u00fd vrch se do roku 1992 jmenovala Rud\u00fd vrch (pojmenov\u00e1no podle p\u0159\u00edvlastku \u201erud\u00fd\u201c, kter\u00fd byl poplatn\u00fd dob\u011b budov\u00e1n\u00ed komunismu). V obou p\u0159\u00edpadech byl ideologick\u00fd prvek pozd\u011bji nahrazen prvkem neideologick\u00fdm. V kronice i jin\u00fdch dokladech o obci najdeme v\u0161ak i jin\u00e9 n\u00e1zvy o jejich\u017e um\u00edst\u011bn\u00ed se bohu\u017eel m\u016f\u017eeme pouze domn\u00edvat, proto\u017ee pojmenov\u00e1n\u00ed byla pouze kr\u00e1tkodob\u00e1 a mezi ve\u0159ejnost\u00ed se pravd\u011bpodobn\u011b neujala. Byla to nap\u0159\u00edklad T\u0159\u00edda Mar\u0161\u00e1la Stalina \u2013 dne\u0161n\u00ed Radot\u00ednsk\u00e1.<\/p>\n<p>K velk\u00fdm zm\u011bn\u00e1m v n\u00e1zvoslov\u00ed ulic ve Velk\u00e9 Chuchli do\u0161lo po roce 1968, kdy Velk\u00e1 Chuchle byla p\u0159ipojena k hlavn\u00edmu m\u011bstu. T\u00edm do\u0161lo k p\u0159ejmenov\u00e1n\u00ed celkem \u0161estn\u00e1cti ulic. Slep\u00e1 ulice byla p\u0159ejmenov\u00e1na na ulici U \u010cern\u00e9 rokle, Lipov\u00e1, jej\u00ed\u017e jm\u00e9no bylo podle d\u0159\u00edv\u011bj\u0161\u00ed lipov\u00e9 aleje byla p\u0159ejmenov\u00e1na na V\u011btrovou, Zahradn\u00ed ulice pak na U zahradnictv\u00ed, ulice V zahr\u00e1dk\u00e1ch se stala Starol\u00e1ze\u0148skou, ulice\u00a0 Na v\u00fdslun\u00ed a Na vyhl\u00eddce byly p\u0159ejmenov\u00e1ny na U ba\u017eantnice a Nad Lib\u0159\u00ed, co\u017e bylo pom\u00edstn\u00ed jm\u00e9no. Ulice U potoka byla p\u0159ejmenov\u00e1na na Kaz\u00ednskou, ulice Ve str\u00e1ni zase na ulici K v\u00e1pence. Dv\u011b chuchelsk\u00e1 n\u00e1m\u011bst\u00ed byla p\u0159ejmenov\u00e1na z n\u00e1m. 25. \u00fanora na n\u00e1m. Chuchelsk\u00fdch bojovn\u00edk\u016f (uprost\u0159ed n\u00e1m\u011bst\u00ed je pomn\u00edk ob\u011btem sv\u011btov\u00fdch v\u00e1lek) a z n\u00e1m. 9. kv\u011btna se stalo n\u00e1m. Omladiny. V dal\u0161\u00edm p\u0159\u00edpad\u011b do\u0161lo k p\u0159ejmenov\u00e1n\u00ed Nerudovy ulice na ulici Pod ak\u00e1ty. Nov\u00e9 ulice vznikly tak\u00e9 \u00fapravou star\u00fdch ulic: prodlou\u017een\u00edm ulice Pod sadem vznikla ulice Prodlou\u017een\u00e1, spojen\u00edm ulic Ml\u00e1de\u017enick\u00e1 a Ve vil\u00e1ch vznikla ulice Dolomitov\u00e1 a ulice Pod drahou byla rozd\u011blena na ulici U sk\u00e1ly a Dr\u00e1\u017en\u00ed. Nejdel\u0161\u00ed chuchelsk\u00e1 ulice \u2013 Julia Fu\u010d\u00edka (v letech 1964\u20131972) byla po roce 1972 rozd\u011blena na ulici Starochuchelskou a Dostihovou. Ze star\u00fdch n\u00e1zv\u016f jich tud\u00ed\u017e z\u016fstalo jen velmi m\u00e1lo: Na Hv\u011bzd\u00e1rn\u011b, Radot\u00ednsk\u00e1, V \u00favoze a Na Mr\u00e1zovce.\u00a0 Naopak p\u0159ipojen\u00edm ku Praze vznikly nov\u00e9 ulice: Nad drahou, U z\u00e1vodi\u0161t\u011b a U k\u0159i\u017eovatky.<\/p>\n<p>V\u00a0osmdes\u00e1t\u00fdch letech 20. stolet\u00ed vznikly v souvislosti s\u00a0v\u00fdstavbou dom\u016f na Hv\u011bzd\u00e1rn\u011b je\u0161t\u011b dal\u0161\u00ed ulice: B\u00edl\u010dick\u00e1 (podle vsi na severu Moravy nedaleko Brunt\u00e1lu), Brunt\u00e1lsk\u00e1 (podle m\u011bsta Brunt\u00e1l) a v\u00a0devades\u00e1t\u00fdch letech pak Dubnick\u00e1 (ves na Brunt\u00e1lsku). Vzhledem k\u00a0tomu, \u017ee tyto obce nemaj\u00ed ani zd\u00e1nliv\u00fd vztah k Velk\u00e9 Chuchli, d\u00e1 se p\u0159edpokl\u00e1dat, \u017ee pojmenov\u00e1n\u00ed pro ulice byla vyhled\u00e1na tak, aby nebyla duplicitn\u00ed s ostatn\u00edmi n\u00e1zvy ulic v Praze.<\/p>\n<p>Co je ale z\u0159ejm\u00e9, je to, \u017ee v n\u00e1zvech ulic ve Velk\u00e9 Chuchli je p\u0159edev\u0161\u00edm patrn\u00fd vliv zejm\u00e9na pom\u00edstn\u00edch jmen (Na Mr\u00e1zovce, V dol\u00edch, V \u00favoze, Na Hv\u011bzd\u00e1rn\u011b, Nad Lib\u0159\u00ed, Na ciheln\u011b, U \u010cern\u00e9 rokle apod.), polohy ulice (K v\u00e1pence, Nad z\u00e1vodi\u0161t\u011bm, U ba\u017eantnice, Nad drahou), ale i v\u00fdznamn\u00fdch pam\u011btihodnost\u00ed a ud\u00e1lost\u00ed v okol\u00ed (Starol\u00e1ze\u0148sk\u00e1, Kaz\u00ednsk\u00e1, n\u00e1m\u011bst\u00ed Omladiny, n\u00e1m. Chuchelsk\u00fdch bojovn\u00edk\u016f).<\/p>\n<p>&nbsp;<\/p>\n","protected":false},"excerpt":{"rendered":"<p>V souvislosti s p\u0159ipojen\u00edm Mal\u00e9 Chuchle ku Praze v roce 1922 vyvstal poprv\u00e9 probl\u00e9m s pojmenov\u00e1n\u00edm ulic. A\u017e do t\u00e9 doby zdej\u0161\u00ed uli\u010dky nem\u011bly \u017e\u00e1dn\u00e1 ofici\u00e1ln\u00ed jm\u00e9na, ta dostala pr\u00e1v\u011b a\u017e v letech 1925\u20131928. Je\u0161t\u011b na pl\u00e1nech Velk\u00e9 Prahy z &hellip; <a href=\"https:\/\/regionplus.cz\/chuchle\/zajimavosti\/chuchelsky-ulicnik\/\">Cel\u00fd p\u0159\u00edsp\u011bvek <span class=\"meta-nav\">&rarr;<\/span><\/a><\/p>\n","protected":false},"author":1,"featured_media":0,"parent":225,"menu_order":0,"comment_status":"closed","ping_status":"closed","template":"","meta":{"footnotes":""},"class_list":["post-281","page","type-page","status-publish","hentry"],"_links":{"self":[{"href":"https:\/\/regionplus.cz\/chuchle\/wp-json\/wp\/v2\/pages\/281","targetHints":{"allow":["GET"]}}],"collection":[{"href":"https:\/\/regionplus.cz\/chuchle\/wp-json\/wp\/v2\/pages"}],"about":[{"href":"https:\/\/regionplus.cz\/chuchle\/wp-json\/wp\/v2\/types\/page"}],"author":[{"embeddable":true,"href":"https:\/\/regionplus.cz\/chuchle\/wp-json\/wp\/v2\/users\/1"}],"replies":[{"embeddable":true,"href":"https:\/\/regionplus.cz\/chuchle\/wp-json\/wp\/v2\/comments?post=281"}],"version-history":[{"count":3,"href":"https:\/\/regionplus.cz\/chuchle\/wp-json\/wp\/v2\/pages\/281\/revisions"}],"predecessor-version":[{"id":415,"href":"https:\/\/regionplus.cz\/chuchle\/wp-json\/wp\/v2\/pages\/281\/revisions\/415"}],"up":[{"embeddable":true,"href":"https:\/\/regionplus.cz\/chuchle\/wp-json\/wp\/v2\/pages\/225"}],"wp:attachment":[{"href":"https:\/\/regionplus.cz\/chuchle\/wp-json\/wp\/v2\/media?parent=281"}],"curies":[{"name":"wp","href":"https:\/\/api.w.org\/{rel}","templated":true}]}}