{"id":279,"date":"2021-10-03T00:06:31","date_gmt":"2021-10-02T22:06:31","guid":{"rendered":"http:\/\/regionplus.cz\/chuchle\/?page_id=279"},"modified":"2022-01-04T22:19:00","modified_gmt":"2022-01-04T21:19:00","slug":"prehled-tradicnich-dostihu","status":"publish","type":"page","link":"https:\/\/regionplus.cz\/chuchle\/dostihovy-areal\/prehled-tradicnich-dostihu\/","title":{"rendered":"P\u0159ehled tradi\u010dn\u00edch dostih\u016f"},"content":{"rendered":"<p><strong>Ka\u017edoro\u010dn\u00ed chuchelskou dostihovou sez\u00f3nu prov\u00e1zej\u00ed tradi\u010dn\u00ed zkou\u0161ky, kter\u00e9 b\u00fdvaj\u00ed ji\u017e mnoho let sou\u010d\u00e1st\u00ed kalend\u00e1\u0159e jezdc\u016f, \u017eokej\u016f, tren\u00e9r\u016f, ale i n\u00e1v\u0161t\u011bvn\u00edk\u016f dostih\u016f. V\u00a0p\u0159ehledu uv\u00e1d\u00edme ty, kter\u00e9 se b\u011bhaj\u00ed v\u00a0sou\u010dasn\u00e9 dob\u011b.<\/strong><\/p>\n<hr \/>\n<p><strong>Gomba handicap<\/strong> \u2013 tradi\u010dn\u00ed vrchol \u00favodn\u00edho m\u00edtink, v\u00a0Chuchli se b\u011bh\u00e1 se od roku 1924. Dostih na 1200 m je ur\u010den pro \u010dty\u0159let\u00e9 a star\u0161\u00ed kon\u011b. Dostih je pojmenov\u00e1n podle slovensk\u00e9ho h\u0159eb\u010d\u00edna B\u00e9ke-Gomba<\/p>\n<p><strong>Velk\u00e1 dubnov\u00e1 cena<\/strong> \u2013 dostih na 1800 m pro \u010dty\u0159let\u00e9 a star\u0161\u00ed kon\u011b.<\/p>\n<p><strong>Memori\u00e1l Rudolfa Deyla<\/strong> \u2013 prvn\u00ed zkou\u0161ka t\u0159\u00edlet\u00fdch klisen na 1400m. P\u016fvodn\u011b byl dostih pojmenov\u00e1n jako Velk\u00fd handicap t\u0159\u00edlet\u00fdch, p\u0159ed 34 lety byl p\u0159ejmenov\u00e1n na po\u010dest zn\u00e1m\u00e9ho turfmana a herce Rudolfa Deyla st. (1876-1972)<\/p>\n<p><strong>Memori\u00e1l prof. V\u00e1clava Michala<\/strong> je dlouh\u00fd 1400 m a b\u011bh\u00e1 se na pam\u011b\u0165 znalce \u010desk\u00e9ho turfu prof. V\u00e1clava Michala (1900- 1989) od roku 1990 a je ur\u010den pro t\u0159\u00edlet\u00e9 h\u0159ebce.<\/p>\n<p><strong>Jarn\u00ed cena klisen<\/strong> \u2013 prvn\u00ed klasick\u00fd dostih na 1600 m ur\u010den\u00fd t\u0159\u00edlet\u00fdm klisn\u00e1m. B\u011bh\u00e1 se od roku 1949.<\/p>\n<p><strong>Velk\u00e1 jarn\u00ed cena<\/strong>\u00a0 \u2013 tradi\u010dn\u00ed zkou\u0161ka t\u0159\u00edlet\u00fdch kon\u00ed, pod sou\u010dasn\u00fdm n\u00e1zvem se b\u011bh\u00e1 od roku 1951, m\u00e1 ov\u0161em tradici od roku 1922 a je dlouh\u00e1 1600 m.<\/p>\n<p><strong>Velk\u00e1 kv\u011btnov\u00e1 cena<\/strong> \u2013 je ur\u010dena pro t\u0159\u00edlet\u00e9 a star\u0161\u00ed kon\u011b, kte\u0159\u00ed soupe\u0159\u00ed na vzd\u00e1lenost 1600 m, vznikla v\u00a0roce 1950.<\/p>\n<p><strong>Velk\u00e1 \u010dervnov\u00e1 cena<\/strong> \u2013 hlavn\u00ed p\u0159edzkou\u0161ka pro derby, dostih na 2200 m ur\u010den\u00e1 pro t\u0159\u00edlet\u00e9 kon\u011b<\/p>\n<p><strong>\u010cesk\u00e9 derby<\/strong> \u2013 nejv\u00fdznamn\u011bj\u0161\u00ed rovinov\u00fd dostih v\u00a0\u010cesk\u00e9 republice m\u00e1 d\u00e9lku 2400 m, na chuchelsk\u00e9m z\u00e1vodi\u0161ti se b\u011bh\u00e1 od roku 1921 nep\u0159etr\u017eit\u011b (s\u00a0v\u00fdjimkou roku 1995, kdy se dostih b\u011b\u017eel v\u00a0Karlov\u00fdch Varech) &#8211; obvykle se b\u011b\u017e\u00ed v\u00a0z\u00e1v\u011bru \u010dervna a je ur\u010den pro t\u0159\u00edlet\u00e9 kon\u011b. V\u00edt\u011bzstv\u00ed v\u00a0derby je pro kon\u011b nejlep\u0161\u00ed vizitkou pro za\u0159azen\u00ed do chovu. Derby se poprv\u00e9 b\u011b\u017eelo v\u00a0roce 1780 v Epsomu v\u00a0Anglii.<\/p>\n<p><strong>Saint Leger<\/strong> \u2013 posledn\u00ed klasick\u00fd dostih sez\u00f3ny. Dostih na 2800 m je ur\u010den\u00fd op\u011bt pro t\u0159\u00edlet\u00e9 kon\u011b.<\/p>\n<p><strong>Gersch\u016fv memori\u00e1l<\/strong> \u2013 b\u011bh\u00e1 se na pam\u011b\u0165 Eduarda Gersche (prvn\u00edho \u0159editele h\u0159eb\u010d\u00edna Napajedla). Dostih m\u011b\u0159\u00ed 1400 m a je ur\u010den pro dvoulet\u00e9 kon\u011b.<\/p>\n<p><strong>Velk\u00e1 cena Prahy<\/strong> (pro t\u0159\u00edlet\u00e9 a star\u0161\u00ed kon\u011b na 1600m) a Velk\u00e1 cena \u010desk\u00e9ho turfu (pro t\u0159\u00edlet\u00e9 a star\u0161\u00ed kon\u011b na 2400 m) jsou dnes sou\u010d\u00e1st\u00ed Dostihov\u00e9ho festivalu konan\u00e9ho v\u00a0z\u00e1\u0159\u00ed.<\/p>\n<p><strong>Cena zimn\u00edho favorita<\/strong> \u2013 nejv\u00fdznamn\u011bj\u0161\u00ed zkou\u0161ka dvoulet\u00fdch kon\u00ed na 1600 m, na z\u00e1vodi\u0161ti se b\u011bh\u00e1 od roku 1939.<\/p>\n<p><strong>Svatov\u00e1clavsk\u00e1 cena<\/strong> \u2013 nejstar\u0161\u00ed pravideln\u011b vypisovan\u00fd dostih na chuchelsk\u00e9m z\u00e1vodi\u0161ti. Ur\u010dena pro t\u0159\u00edlet\u00e9 a star\u0161\u00ed kon\u011b na vzd\u00e1lenost 1200 m.<\/p>\n<p><strong>Cena prezidenta republiky<\/strong> \u2013 nejdel\u0161\u00ed rovinov\u00fd z\u00e1vod v \u010cesk\u00e9 republice (3 200 m pro t\u0159\u00edlet\u00e9 a star\u0161\u00ed kon\u011b) s tradic\u00ed od roku 1920 je vrcholem podzimn\u00ed sez\u00f3ny. V pr\u016fb\u011bhu historie nesl dostih r\u016fzn\u00e9 n\u00e1zvy (Velk\u00e1 podzimn\u00ed cena, Cena \u0159editelstv\u00ed, Cena zn\u00e1rodn\u011bn\u00ed). P\u0159ed\u00e1v\u00e1n\u00ed \u010destn\u00fdch cen se z\u00fa\u010dastnili zat\u00edm pouze dva prezidenti: Tom\u00e1\u0161 Garrigue Masaryk a V\u00e1clav Klaus.<\/p>\n","protected":false},"excerpt":{"rendered":"<p>Ka\u017edoro\u010dn\u00ed chuchelskou dostihovou sez\u00f3nu prov\u00e1zej\u00ed tradi\u010dn\u00ed zkou\u0161ky, kter\u00e9 b\u00fdvaj\u00ed ji\u017e mnoho let sou\u010d\u00e1st\u00ed kalend\u00e1\u0159e jezdc\u016f, \u017eokej\u016f, tren\u00e9r\u016f, ale i n\u00e1v\u0161t\u011bvn\u00edk\u016f dostih\u016f. V\u00a0p\u0159ehledu uv\u00e1d\u00edme ty, kter\u00e9 se b\u011bhaj\u00ed v\u00a0sou\u010dasn\u00e9 dob\u011b. Gomba handicap \u2013 tradi\u010dn\u00ed vrchol \u00favodn\u00edho m\u00edtink, v\u00a0Chuchli se b\u011bh\u00e1 se &hellip; <a href=\"https:\/\/regionplus.cz\/chuchle\/dostihovy-areal\/prehled-tradicnich-dostihu\/\">Cel\u00fd p\u0159\u00edsp\u011bvek <span class=\"meta-nav\">&rarr;<\/span><\/a><\/p>\n","protected":false},"author":1,"featured_media":0,"parent":273,"menu_order":0,"comment_status":"closed","ping_status":"closed","template":"","meta":{"footnotes":""},"class_list":["post-279","page","type-page","status-publish","hentry"],"_links":{"self":[{"href":"https:\/\/regionplus.cz\/chuchle\/wp-json\/wp\/v2\/pages\/279","targetHints":{"allow":["GET"]}}],"collection":[{"href":"https:\/\/regionplus.cz\/chuchle\/wp-json\/wp\/v2\/pages"}],"about":[{"href":"https:\/\/regionplus.cz\/chuchle\/wp-json\/wp\/v2\/types\/page"}],"author":[{"embeddable":true,"href":"https:\/\/regionplus.cz\/chuchle\/wp-json\/wp\/v2\/users\/1"}],"replies":[{"embeddable":true,"href":"https:\/\/regionplus.cz\/chuchle\/wp-json\/wp\/v2\/comments?post=279"}],"version-history":[{"count":3,"href":"https:\/\/regionplus.cz\/chuchle\/wp-json\/wp\/v2\/pages\/279\/revisions"}],"predecessor-version":[{"id":371,"href":"https:\/\/regionplus.cz\/chuchle\/wp-json\/wp\/v2\/pages\/279\/revisions\/371"}],"up":[{"embeddable":true,"href":"https:\/\/regionplus.cz\/chuchle\/wp-json\/wp\/v2\/pages\/273"}],"wp:attachment":[{"href":"https:\/\/regionplus.cz\/chuchle\/wp-json\/wp\/v2\/media?parent=279"}],"curies":[{"name":"wp","href":"https:\/\/api.w.org\/{rel}","templated":true}]}}