{"id":277,"date":"2021-10-03T00:06:00","date_gmt":"2021-10-02T22:06:00","guid":{"rendered":"http:\/\/regionplus.cz\/chuchle\/?page_id=277"},"modified":"2022-01-04T22:19:43","modified_gmt":"2022-01-04T21:19:43","slug":"dostihovy-slovnicek","status":"publish","type":"page","link":"https:\/\/regionplus.cz\/chuchle\/dostihovy-areal\/dostihovy-slovnicek\/","title":{"rendered":"Dostihov\u00fd slovn\u00ed\u010dek"},"content":{"rendered":"<p>C\u00edlov\u00e1 rovinka \u2013 posledn\u00edch 300 m do c\u00edle (za Lahovick\u00fdm obloukem)<\/p>\n<p>Cvalov\u00e9 dostihy \u2013 zkou\u0161ky anglick\u00e9ho plnokrevn\u00edka<\/p>\n<p>Dostih \u2013 obecn\u011b z\u00e1vod kon\u00ed. Dostihy mohou b\u00fdt cvalov\u00e9 nebo klus\u00e1ck\u00e9. Rozli\u0161ujeme klasick\u00e9, podle vzd\u00e1lenosti, podle v\u011bku a handicapy.<\/p>\n<p>Dostihov\u00fd \u0159\u00e1d &#8211; z\u00e1vazn\u00e1 sm\u011brnice vydan\u00e1 Jockey clubem \u010cR pro po\u0159\u00e1d\u00e1n\u00ed dostih\u016f<\/p>\n<p>Favorit \u2013 k\u016f\u0148, o n\u011bm\u017e se p\u0159edpokl\u00e1d\u00e1, \u017ee vyhraje<\/p>\n<p>Handicap &#8211; dostih s\u00a0p\u0159edem stanoven\u00fdm zat\u00ed\u017een\u00edm ur\u010den\u00fdm pro jednotliv\u00e9 kon\u011b (\u00fa\u010delem je srovn\u00e1n\u00ed v\u00fdkonnosti)<\/p>\n<p>Jockey club \u010cR \u2013 hlavn\u00ed dostihov\u00e1 instituce v\u00a0\u010cesk\u00e9 republice, mimo jin\u00e9 schvaluje propozice cvalov\u00fdch dostih\u016f a kontroluje regul\u00e9rnost v\u00fdsledk\u016f a vede plemennou knihu anglick\u00e9ho plnokrevn\u00edka v \u010cR<\/p>\n<p>Jezdec &#8211; vyu\u010den\u00fd jezdec, kter\u00fd z\u00edskal licenci jezdce<\/p>\n<p>Jezdec &#8211; \u017e\u00e1k &#8211; u\u010de\u0148, kter\u00fd se p\u0159ipravuje na profesion\u00e1ln\u00ed dr\u00e1hu jezdce a z\u00edskal v pr\u016fb\u011bhu p\u0159\u00edpravy p\u0159\u00edslu\u0161nou licenci<\/p>\n<p>Jezdec amat\u00e9r\u00a0 &#8211; dr\u017eitel licence jezdce amat\u00e9ra<\/p>\n<p>Klus\u00e1ck\u00e9 dostihy \u2013 dostihy kon\u00ed se sulkou (dvoukolov\u00fdm voz\u00edkem na n\u011bm sed\u00ed jezdec), z\u00e1vod\u00ed v\u00a0klusu (cv\u00e1l\u00e1n\u00ed nen\u00ed povoleno)<\/p>\n<p>Ko\u0148sk\u00e1 d\u00e9lka &#8211; pou\u017e\u00edv\u00e1 se k vyj\u00e1d\u0159en\u00ed v\u00fdsledk\u016f dob\u011bhu v dostiz\u00edch (vzd\u00e1lenost 3 m)<\/p>\n<p>Kuzov\u00e1 s\u00e1zka \u2013 druh s\u00e1zky, u kter\u00e9 v\u00fdhra je z\u00e1visl\u00e1 na pom\u011bru, kter\u00fd stanov\u00ed s\u00e1zkov\u00e1 kancel\u00e1\u0159<\/p>\n<p>Lahovick\u00fd oblouk \u2013 zat\u00e1\u010dka dostihov\u00e9 dr\u00e1hy v\u00a0ji\u017en\u00ed \u010d\u00e1sti z\u00e1vodi\u0161t\u011b<\/p>\n<p>Ordre &#8211;\u00a0 pokyny tren\u00e9ra jezdci p\u0159ed dostihem, kter\u00e9 obvykle obdr\u017e\u00ed v\u00a0paddocku<\/p>\n<p>Outsider \u2013 k\u016f\u0148, o n\u011bm\u017e se p\u0159edpokl\u00e1d\u00e1, \u017ee z\u016fstane v\u00a0poli pora\u017een\u00fdch<\/p>\n<p>Paddock &#8211; ohrani\u010den\u00fd prostor na dostihov\u00e9m z\u00e1vodi\u0161ti, kde se p\u0159ipravuj\u00ed dostihov\u00ed kon\u011b na dostih, jezdec zde nased\u00e1 a od tren\u00e9ra zde obdr\u017e\u00ed obvykle ordre<\/p>\n<p>Protilehl\u00e1 rovinka \u2013 rovina naproti tribun\u011b<\/p>\n<p>Rovinov\u00e9 dostihy &#8211; vypisov\u00e1ny pro dvoulet\u00e9, t\u0159\u00edlet\u00e9, \u010dty\u0159let\u00e9 a star\u0161\u00ed kon\u011b\u00a0 na letounsk\u00e9 (do 1400 m), m\u00edlov\u00e9 (1400 &#8211; 1800 m), st\u0159edn\u00ed (1800 &#8211; 2200 m) a vytrvaleck\u00e9 trat\u011b (nad 2000 m)<\/p>\n<p>Totaliz\u00e1tor \u2013 druh s\u00e1zky, kde velikost v\u00fdhry z\u00e1vis\u00ed na mno\u017estv\u00ed vsazen\u00fdch pen\u011bz<\/p>\n<p>Turf &#8211; \u00a0v p\u0159enesen\u00e9m v\u00fdznamu dostihy<\/p>\n<p>Turfman \u2013 p\u0159\u00edznivec dostihov\u00e9ho sportu<\/p>\n<p>Velk\u00e9 po\u0159ad\u00ed \u2013 druh s\u00e1zky, kdy s\u00e1zej\u00edc\u00ed tipuje p\u0159esn\u00e9 po\u0159ad\u00ed prvn\u00edch t\u0159\u00ed kon\u00ed v c\u00edli<\/p>\n<p>V\u00e1\u017enice \u2013 m\u00edsto, kde je jezdec p\u0159eva\u017eov\u00e1n (p\u0159ed dostihem i po dostihu)<\/p>\n<p>\u017dokej &#8211; vyu\u010den\u00fd jezdec, kter\u00fd zv\u00edt\u011bzil nejm\u00e9n\u011b v 50 dostiz\u00edch<\/p>\n","protected":false},"excerpt":{"rendered":"<p>C\u00edlov\u00e1 rovinka \u2013 posledn\u00edch 300 m do c\u00edle (za Lahovick\u00fdm obloukem) Cvalov\u00e9 dostihy \u2013 zkou\u0161ky anglick\u00e9ho plnokrevn\u00edka Dostih \u2013 obecn\u011b z\u00e1vod kon\u00ed. Dostihy mohou b\u00fdt cvalov\u00e9 nebo klus\u00e1ck\u00e9. Rozli\u0161ujeme klasick\u00e9, podle vzd\u00e1lenosti, podle v\u011bku a handicapy. Dostihov\u00fd \u0159\u00e1d &#8211; z\u00e1vazn\u00e1 &hellip; <a href=\"https:\/\/regionplus.cz\/chuchle\/dostihovy-areal\/dostihovy-slovnicek\/\">Cel\u00fd p\u0159\u00edsp\u011bvek <span class=\"meta-nav\">&rarr;<\/span><\/a><\/p>\n","protected":false},"author":1,"featured_media":0,"parent":273,"menu_order":0,"comment_status":"closed","ping_status":"closed","template":"","meta":{"footnotes":""},"class_list":["post-277","page","type-page","status-publish","hentry"],"_links":{"self":[{"href":"https:\/\/regionplus.cz\/chuchle\/wp-json\/wp\/v2\/pages\/277","targetHints":{"allow":["GET"]}}],"collection":[{"href":"https:\/\/regionplus.cz\/chuchle\/wp-json\/wp\/v2\/pages"}],"about":[{"href":"https:\/\/regionplus.cz\/chuchle\/wp-json\/wp\/v2\/types\/page"}],"author":[{"embeddable":true,"href":"https:\/\/regionplus.cz\/chuchle\/wp-json\/wp\/v2\/users\/1"}],"replies":[{"embeddable":true,"href":"https:\/\/regionplus.cz\/chuchle\/wp-json\/wp\/v2\/comments?post=277"}],"version-history":[{"count":3,"href":"https:\/\/regionplus.cz\/chuchle\/wp-json\/wp\/v2\/pages\/277\/revisions"}],"predecessor-version":[{"id":372,"href":"https:\/\/regionplus.cz\/chuchle\/wp-json\/wp\/v2\/pages\/277\/revisions\/372"}],"up":[{"embeddable":true,"href":"https:\/\/regionplus.cz\/chuchle\/wp-json\/wp\/v2\/pages\/273"}],"wp:attachment":[{"href":"https:\/\/regionplus.cz\/chuchle\/wp-json\/wp\/v2\/media?parent=277"}],"curies":[{"name":"wp","href":"https:\/\/api.w.org\/{rel}","templated":true}]}}