{"id":247,"date":"2021-10-02T23:54:32","date_gmt":"2021-10-02T21:54:32","guid":{"rendered":"http:\/\/regionplus.cz\/chuchle\/?page_id=247"},"modified":"2022-01-20T16:39:34","modified_gmt":"2022-01-20T15:39:34","slug":"sportovni-klub-cechoslovan-chuchle","status":"publish","type":"page","link":"https:\/\/regionplus.cz\/chuchle\/spolky\/sportovni-klub-cechoslovan-chuchle\/","title":{"rendered":"Sportovn\u00ed klub \u010cechoslovan Chuchle"},"content":{"rendered":"<p>S\u00a0my\u0161lenkou zalo\u017eit sportovn\u00ed klub, kter\u00fd by provozoval kopanou, atletiku, cyklistiku a dal\u0161\u00ed sporty, p\u0159i\u0161el v\u00a0roce 1926 Jan K\u0159i\u0161\u0165\u00e1l p\u0159i sch\u016fzce samozvan\u00e9 spole\u010dnosti \u201eZapla\u0165\u201c v\u00a0restauraci \u201eU T\u016fm\u016f\u201c. Ustavuj\u00edc\u00ed sch\u016fze klubu se konala 26. \u010dervna 1926 a na n\u00e1vrh Stanislava Jirou\u0161ka byl nov\u00fd chuchelsk\u00fd sportovn\u00ed odd\u00edl pojmenov\u00e1n SK \u010cECHOSLOVAN CHUCHLE. Prvn\u00edm p\u0159edsedou byl zvolen Josef Podstara.<\/p>\n<p>Za\u010d\u00e1tky \u010dinnosti klubu s\u00a0modrob\u00edlou vlajkou byly velmi t\u011b\u017ek\u00e9, proto\u017ee i p\u0159es \u00favodn\u00ed dar n\u00e1rodn\u00edch socialist\u016f nem\u011bl \u017e\u00e1dn\u00fd majetek ani vlastn\u00ed h\u0159i\u0161t\u011b. Prvn\u00ed z\u00e1pas s\u00a0SK Zbraslav Z\u00e1b\u011bhlice borci \u010cechoslovanu sice prohr\u00e1li 5:1, ale to je neodradilo od dal\u0161\u00ed pr\u00e1ce. Hned 1. srpna 1926 uspo\u0159\u00e1dali sportovn\u00ed den spojen\u00fd s\u00a0lehkoatletick\u00fdm p\u011btibojem a b\u011bhem nap\u0159\u00ed\u010d obc\u00ed.<\/p>\n<p>O rok pozd\u011bji u\u017e chuchel\u0161t\u00ed fotbalist\u00e9 hr\u00e1li na sv\u00e9m h\u0159i\u0161ti u Vltavy. Slavnostn\u011b bylo otev\u0159eno 12. \u010dervna 1927 a mimo \u0159ady \u010destn\u00fdch host\u016f se t\u00e9to slavnostn\u00ed akce \u00fa\u010dastnil i Alfr\u00e9d Nikod\u00e9m, kter\u00fd o rok pozd\u011bji v\u011bnoval klubu putovn\u00ed poh\u00e1r pro nejlep\u0161\u00edho \u010dlena (v klubu se p\u0159ed\u00e1v\u00e1 p\u0159i valn\u00e9 hromad\u011b a\u017e do dne\u0161n\u00ed doby). Klub z\u00edsk\u00e1v\u00e1 podporu obce i m\u00edstn\u00edch spolk\u016f, N\u00e1rodn\u00ed jednoty Po\u0161umavsk\u00e9 v\u00a0Mal\u00e9 Chuchli a P\u011bvecko dramatick\u00e9 besedy J. K. Tyl, kter\u00e9 v\u00a0jeho prosp\u011bch sehr\u00e1vaj\u00ed divadeln\u00ed p\u0159edstaven\u00ed. V\u00a0roce 1929 vstoupil \u010cechoslovan do mistrovsk\u00e9 sout\u011b\u017ee St\u0159edo\u010desk\u00e9 \u017eupy fotbalov\u00e9, kde v\u00a0sout\u011b\u017ei IV. t\u0159\u00eddy skon\u010dil na druh\u00e9m m\u00edst\u011b. T\u0159ic\u00e1t\u00e1 l\u00e9ta jsou poznamen\u00e1na st\u0159\u00eddav\u00fdmi postupy a sestupy do mistrovsk\u00fdch sout\u011b\u017e\u00ed, a tak zmi\u0148me nejd\u016fle\u017eit\u011bj\u0161\u00ed ud\u00e1losti: V\u00a0roce 1931 vznikl v\u00a0r\u00e1mci \u010cechoslovanu hokejov\u00fd odbor, kter\u00fd se po neshod\u00e1ch o rok pozd\u011bji osamostatnil a vznikl samostatn\u00fd klub HC Chuchle. Sou\u010dasn\u011b zanikl i lehkoatletick\u00fd odbor. V\u00a0roce 1933 dos\u00e1hli hr\u00e1\u010di nejv\u011bt\u0161\u00edho \u00fasp\u011bchu \u2013 postoupili poprv\u00e9 do I. B t\u0159\u00eddy\u00a0 St\u0159edo\u010desk\u00e9 \u017eupy, odd\u011blen\u00ed D. \u00a0Defiluj\u00ed p\u0159ed n\u00e1mi legend\u00e1rn\u00ed jm\u00e9na, kter\u00e1 jsou dodnes zaps\u00e1na v\u00a0d\u011bjin\u00e1ch klubu &#8211; Macha\u010d, Janou\u0161ek, Mal\u00fd, Rieger, Jan\u00e1k, Zaj\u00edc a mnoz\u00ed dal\u0161\u00ed. \u00a0B\u011bhem jarn\u00ed povodn\u011b byl v\u00a0roce 1940 zni\u010den cel\u00fd sportovn\u00ed are\u00e1l. Jeho obnova trvala p\u0159es dva m\u011bs\u00edce, kabiny byly postaveny za nemal\u00fdch probl\u00e9m\u016f s\u00a0povolen\u00edm i stavebn\u00edm materi\u00e1lem o rok pozd\u011bji. Patn\u00e1ct\u00e9 v\u00fdro\u010d\u00ed klubu bylo oslaveno n\u011bkolika exhibi\u010dn\u00edmi utk\u00e1n\u00edmi hlavn\u00ed z\u00e1pas s\u00a0A. C. Sparta \u010cechoslovan vyhr\u00e1l v\u00a0pom\u011bru 4:3.\u00a0 Do \u010dinnosti klubu nemile zas\u00e1hlo vyhl\u00e1\u0161en\u00ed stann\u00e9ho pr\u00e1va a pozd\u011bji i atent\u00e1t na R. Heydricha. Musely b\u00fdt omezeny sportovn\u00ed aktivity a po obnoven\u00ed mistrovsk\u00e9 sout\u011b\u017ee nebyl ze strany hr\u00e1\u010d\u016f p\u0159\u00edli\u0161 z\u00e1jem navazovat na p\u0159edchoz\u00ed \u00fasp\u011bchu. \u010cechoslovan sestoupil v\u00a0roce 1943 do okresn\u00ed sout\u011b\u017ee (III. t\u0159\u00edda), kde se dr\u017eel i po v\u00e1lce. V\u00a0roce 1947 zaplavila h\u0159i\u0161t\u011b op\u011bt povode\u0148, p\u016flku sout\u011b\u017ee museli chuchel\u0161t\u00ed fotbalist\u00e9 hr\u00e1t na h\u0159i\u0161ti AFK Slivenec. V\u00a0souvislosti se sjednocen\u00edm t\u011blov\u00fdchovy se o rok pozd\u011bji SK \u010cechoslovan Chuchle stal slo\u017ekou chuchelsk\u00e9ho Sokola a v\u00a0mistrovsk\u00fdch sout\u011b\u017e\u00edch postoupil do II. t\u0159\u00eddy, kde vydr\u017eel po n\u00e1sleduj\u00edc\u00ed rok, aby op\u011bt hr\u00e1l okresn\u00ed sout\u011b\u017e. Mimo\u0159\u00e1dn\u00fdch \u00fasp\u011bch\u016f dos\u00e1hl v\u00a0n\u00e1sleduj\u00edc\u00edch letech odd\u00edl \u017eactva (a pozd\u011bji dorostu) pod veden\u00edm L\u00e1di Ma\u0161ka. V\u00a0roce 1954 zaplavila h\u0159i\u0161t\u011b op\u011bt voda z\u00a0Vltavy, zas\u00e1hnout musel buldozer. Druh\u00e1 polovina pades\u00e1t\u00fdch let byla ve znamen\u00ed \u0159e\u0161en\u00ed krizov\u00fdch situac\u00ed, kdy klub se pot\u00e1cel s\u00a0finan\u010dn\u00edmi probl\u00e9my a nek\u00e1zn\u00ed hr\u00e1\u010d\u016f. Snaha hr\u00e1t pra\u017eskou mistrovskou sout\u011b\u017e vyzn\u011bla napr\u00e1zdno, a tak se v\u00a0sez\u00f3n\u011b 1960-61 poprv\u00e9 mistrovsk\u00e1 kopan\u00e1 na chuchelsk\u00e9m tr\u00e1vn\u00edku nehr\u00e1la. Situace dosp\u011bla tak daleko, \u017ee bylo v\u00a0\u010dervnu 1961 rozhodnuto o utlumen\u00ed \u010dinnosti odd\u00edlu a nepomohla ani pozd\u011bj\u0161\u00ed sch\u016fzka zainteresovan\u00fdch stran, kterou svolal tehdej\u0161\u00ed p\u0159edseda MNV a dlouholet\u00fd \u010dlen klubu Anton\u00edn Zaj\u00edc. Ten ve sv\u00e9 aktivit\u011b nepolevil a 11. \u010dervence 1965 vyslovil na sch\u016fzce p\u0159\u00edznivc\u016f chuchelsk\u00e9ho fotbalu zn\u00e1mou v\u011btu: \u201eNerozejdeme se d\u0159\u00edve, dokud nebude sestavena kandid\u00e1tka nov\u00e9ho v\u00fdboru!\u201c Okresn\u00ed sout\u011b\u017e za\u010dalo hr\u00e1t op\u011bt A mu\u017estvo a \u017eactvo. Oslavy 40. v\u00fdro\u010d\u00ed klubu byly zah\u00e1jeny v\u00fdhrou 4:3 s\u00a0n\u011bmeck\u00fdm mu\u017estvem z\u00a0Niederrodewitz. Klub m\u011bl tehdy A mu\u017estvo, B mu\u017estvo, starou gardu a dru\u017estvo \u017e\u00e1k\u016f. P\u0159esto nep\u0159estaly pr\u016fb\u011b\u017en\u00e9 person\u00e1ln\u00ed probl\u00e9my, kter\u00e9 jsou charakteristick\u00e9 pro velkou \u010d\u00e1st historie klubu. V\u00a0sez\u00f3n\u011b 1968 \u2013 1969 za\u010dal \u010cechoslovan Chuchle hr\u00e1t\u00a0 v\u00a0souvislosti s\u00a0p\u0159ipojen\u00edm Chuchle k Praze kone\u010dn\u011b III. t\u0159\u00eddu pra\u017esk\u00e9 sout\u011b\u017ee. 1. kv\u011btna 1970\u00a0 z\u00edsk\u00e1v\u00e1 odd\u00edl kopan\u00e9 samostatnost, vystupuje ze Sokola a st\u00e1v\u00e1 se z\u00a0n\u011bj samostatn\u00e1 TJ \u010cechoslovan Chuchle. Dva roky na to je hned vedle fotbalov\u00e9 h\u0159i\u0161t\u011b postaveno h\u0159i\u0161t\u011b pro nohejbal. Dlouholetou tradici (u\u017e od prvn\u00ed republiky) v\u00a0t\u011bch letech maj\u00ed sportovn\u00ed karnevaly, kter\u00e9 ka\u017edoro\u010dn\u011b v\u00a0zimn\u00ed sez\u00f3n\u011b klub po\u0159\u00e1dal v\u00a0sobotu ve\u010der\u00a0 pro dosp\u011bl\u00e9, v\u00a0ned\u011bli odpoledne pro d\u011bti v\u00a0restauraci \u201eU Hole\u010dk\u016f\u201c. V\u00a0roce 1973 zem\u0159el legend\u00e1rn\u00ed \u010dlen klubu Jenda Jan\u00e1k a na jeho pam\u00e1tku vznikl turnaj \u017e\u00e1kovsk\u00fdch mu\u017estev \u201eMemori\u00e1l Jendy Jan\u00e1ka\u201c o putovn\u00ed poh\u00e1r, kter\u00fd se ka\u017edoro\u010dn\u011b kon\u00e1 na chuchelsk\u00e9m h\u0159i\u0161ti. V\u00a0t\u00e9m\u017ee roce p\u0159ibyla na h\u0159i\u0161ti montovan\u00e1 chata, kter\u00e1 slou\u017eila jako kabina. V\u00a0roce 1975 sestoupil \u010cechoslovan do IV. t\u0159\u00eddy, mj. i proto, \u017ee h\u0159i\u0161t\u011b bylo rozkop\u00e1no a ukl\u00e1dal se sem plynovod. Hr\u00e1\u010di museli vz\u00edt zavd\u011bk n\u00e1hradn\u00edm h\u0159i\u0161t\u011bm na Zl\u00edchov\u011b. V\u00a0roce 1976 m\u011bl sportovn\u00ed klub celkem 164 \u010dlen\u016f (v\u011bt\u0161inou chuchel\u00e1k\u016f), p\u0159edsedou klubu byl Jan Hazuka a na h\u0159i\u0161ti bylo postaveno 6 montovan\u00fdch bun\u011bk, kter\u00e9 (bez vody a elekt\u0159iny) slou\u017eily jako \u0161atny. \u00a0Na konci sedmdes\u00e1t\u00fdch let se mu\u017estvo op\u011bt probojovalo do druh\u00e9 t\u0159\u00eddy, kde setrvalo po n\u00e1sleduj\u00edc\u00edch v\u00edce ne\u017e patn\u00e1ct let.<\/p>\n<p>Velk\u00fdch zm\u011bn doznalo h\u0159i\u0161t\u011b po roce 1989. V\u00a0bl\u00edzkosti h\u0159i\u0161t\u011b se stav\u011bl kanaliza\u010dn\u00ed sb\u011bra\u010d, are\u00e1l byl op\u011bt zcela rozkop\u00e1n a hr\u00e1t se zde za\u010dalo a\u017e v\u00a0roce 1991. V\u00a0dob\u011b, kdy klub hr\u00e1l op\u011bt na h\u0159i\u0161ti Zl\u00edchova, bylo v\u00a0are\u00e1lu vybudov\u00e1no nov\u00e9 h\u0159i\u0161t\u011b a budova kancel\u00e1\u0159\u00ed a \u0161aten v\u00a0podobn\u011b montovan\u00e9 stavby. D\u011bjiny klubu sou\u010dasn\u011b obohatila smutn\u00e1 ud\u00e1lost, kdy 9. \u00fanora 1991 se po ukon\u010den\u00ed v\u00fdro\u010dn\u00ed sch\u016fze v\u00a0restauraci Start z\u0159\u00edtil strop s\u00e1lu a n\u011bkolik \u010dlen\u016f bylo zran\u011bno a odvezeno do nemocnice. \u00a0Zahajovac\u00ed z\u00e1pas na nov\u00e9m h\u0159i\u0161ti sehr\u00e1li borci \u010cechoslovanu s\u00a0fotbalisty Amfory (Klubu amat\u00e9rsk\u00fdch fotbalov\u00fdch rarit) z\u00a0\u0159ad zn\u00e1m\u00fdch herc\u016f a zp\u011bv\u00e1k\u016f. Kvalitn\u00ed h\u0159i\u0161t\u011b slou\u017eilo v\u00a0pr\u016fb\u011bhu 90. let k\u00a0tr\u00e9nink\u016fm a z\u00e1pas\u016fm \u017eensk\u00e9mu odd\u00edlu Sparty Praha. V\u00a0roce 1995 z\u00edskal klub do sv\u00e9ho vlastnictv\u00ed cel\u00fd are\u00e1l s\u00a0v\u00fdjimkou pozemk\u016f a bylo mu p\u0159id\u011bleno \u010d\u00edslo popisn\u00e9 (418). V\u00a0n\u00e1sleduj\u00edc\u00edm roce mohlo b\u00fdt obnoveno dru\u017estvo dorostu, kdy se p\u0159i n\u00e1boru p\u0159ihl\u00e1silo 35 mlad\u00fdch fotbalist\u016f a klub tak nejen v\u00fdrazn\u00fdm o\u017eiven\u00edm \u010dinnosti oslavil sedmdes\u00e1t\u00e9 v\u00fdro\u010d\u00ed vzniku.\u00a0 V\u00fdbor klubu pracoval\u00a0 ve slo\u017een\u00ed:\u00a0 Jan Hazuka (p\u0159edseda), Jaroslav Bernkraut (jednatel), Ji\u0159\u00ed Je\u017eek (sekret\u00e1\u0159), Franti\u0161ek B\u00e1rta (hospod\u00e1\u0159), Miroslav D\u00edfko, Richard Hlavat\u00fd, Franti\u0161ek Kamic, Vlasta Markov\u00e1 a Jan N\u011bme\u010dek. Spr\u00e1vcem h\u0159i\u0161t\u011b byl Jan Fiedler. V\u00fdrazn\u00e9 v\u00fdkony chuchelsk\u00fdch hr\u00e1\u010d\u016f umo\u017enily v\u00a0n\u00e1sleduj\u00edc\u00ed sez\u00f3n\u011b po 54 hr\u00e1t op\u011bt1. A t\u0159\u00eddu. V\u00a0t\u00e9m\u017ee roce byla obnovena star\u00e1 garda a dru\u017estva mlad\u0161\u00edch a star\u0161\u00edch \u017e\u00e1k\u016f \u2013 na h\u0159i\u0161ti hr\u00e1lo neuv\u011b\u0159iteln\u00fdch 6 mu\u017estev! D\u00edky aktivit\u011b juniorsk\u00fdch hr\u00e1\u010d\u016f tak mohl b\u00fdt rovn\u011b\u017e po n\u011bkolikalet\u00e9 pauze obnoven \u017e\u00e1kovsk\u00fd Memori\u00e1l Jendy Jan\u00e1ka. Veden\u00ed klubu se poda\u0159ilo zajistit \u00a0trval\u00e9 ozvu\u010den\u00ed h\u0159i\u0161t\u011b a v\u00a0\u010d\u00e1sti are\u00e1lu bylo instalov\u00e1no um\u011bl\u00e9 osv\u011btlen\u00ed, co\u017e umo\u017enilo ve\u010dern\u00ed tr\u00e9ninky. V\u00a0roce 1998 do\u0161lo d\u00edky dotaci z\u00a0pra\u017esk\u00e9ho magistr\u00e1tu k\u00a0rekonstrukci \u0161aten a dal\u0161\u00ed sportovn\u00ed \u00fasp\u011bchy klubu byly roz\u0161\u00ed\u0159eny o historick\u00fd postup B mu\u017estva pod veden\u00edm Jana N\u011bme\u010dka do II. t\u0159\u00eddy. Nedostatek finan\u010dn\u00edch prost\u0159edk\u016f \u0159e\u0161\u00ed veden\u00ed klubu reklamou a inzerc\u00ed na h\u0159i\u0161ti i plak\u00e1tech. Soun\u00e1le\u017eitost \u010dlen\u016f s klubem je velik\u00e1 &#8211; dva \u010dlenov\u00e9 v\u011bnovali stoly a \u017eidle do klubovny, \u010dlenstv\u00ed v\u00a0klubu potvrzuje 180 \u010dlen\u016f. V\u00a0roce 1999 bylo vybudov\u00e1no nov\u00e9 tr\u00e9ninkov\u00e9 h\u0159i\u0161t\u011b u Vltavy a pro jeho \u00fapravu byl v\u00fdborem zakoupen ojet\u00fd traktor.\u00a0 Na p\u0159elomu stolet\u00ed startovala za \u010cechoslovan 4 mu\u017estva. A mu\u017estvo (tren\u00e9r Jaroslav Fel\u010d\u00e1rek)skon\u010dilo v 1. B t\u0159\u00edd\u011b skupin\u011b A na 7. m\u00edst\u011b se ziskem 36 bod\u016f p\u0159i sk\u00f3re 54:55 a nevyd\u00e1valo p\u0159\u00edli\u0161 vyrovnan\u00e9 v\u00fdkony. B mu\u017estvo (tren\u00e9r Jan N\u011bme\u010dek) obsadilo ve sv\u00e9 sout\u011b\u017ei 6. m\u00edsto. D\u00e1le startovalo dru\u017estvo star\u0161\u00edch \u017e\u00e1k\u016f s kone\u010dn\u00fdm 7. m\u00edstem (2. t\u0159\u00edda, skupina C) a dru\u017estvo dorostu, kter\u00e9 pod veden\u00edm Jana V\u00e1vry obsadilo 4. m\u00edsto &#8211; postoupilo do 1. t\u0159\u00eddy, \u010d\u00edm\u017e si zajistilo historick\u00e9 prvenstv\u00ed v\u00a0r\u00e1mci klubov\u00e9 historie.<\/p>\n<p>Krut\u011b zas\u00e1hla do \u010dinnosti \u010cechoslovanu povode\u0148 v\u00a0srpnu 2002. Voda z\u00a0Vltavy zaplavila cel\u00fd are\u00e1l do v\u00fd\u0161ky 6 metr\u016f. Kabiny byly zcela zni\u010deny, pou\u017eiteln\u00e1 z\u016fstala pouze kovov\u00e1 konstrukce. P\u0159edb\u011b\u017en\u00e9 \u0161kody na h\u0159i\u0161ti byly vy\u010d\u00edsleny \u010d\u00e1stkou 9,5 mil. K\u010d. Veden\u00ed klubu, kter\u00e9 se po povodni sch\u00e1zelo na r\u016fzn\u00fdch m\u00edstech, rozhodlo o odhl\u00e1\u0161en\u00ed \u201eB\u201c mu\u017estva ze sout\u011b\u017ee druh\u00e9 t\u0159\u00eddy. \u201eA\u201c mu\u017estvu poskytl bezplatn\u011b h\u0159i\u0161t\u011b SK Radot\u00edn, kde tak\u00e9 mu\u017estvo sehr\u00e1lo v\u0161echny sv\u00e9 dom\u00e1c\u00ed z\u00e1pasy. Star\u0161\u00ed dorost (b\u011bhem l\u00e9ta slou\u010den\u00fd s mlad\u0161\u00edm dorostem) cel\u00fd podzim hr\u00e1l na soupe\u0159ov\u00fdch h\u0159i\u0161t\u00edch. Ihned bylo p\u0159istoupeno k jedn\u00e1n\u00edm o obnov\u011b are\u00e1lu jak s fotbalov\u00fdm svazem, m\u011bstskou \u010d\u00e1st\u00ed, tak i hlavn\u00edm m\u011bstem Prahou. \u0158ada klub\u016f uspo\u0159\u00e1dala v r\u00e1mci sv\u00fdch utk\u00e1n\u00ed sb\u00edrky, jejich\u017e v\u00fdt\u011b\u017eek \u010cechoslovanu v\u011bnovaly (nap\u0159. kluby SK Motorlet a Dukla Praha). \u00a0Pen\u00edze se v\u0161ak da\u0159ilo z\u00edsk\u00e1vat jen velice pomalu, a tak s\u00a0obnovou are\u00e1lu mohlo b\u00fdt zapo\u010dato a\u017e o rok pozd\u011bji. P\u0159itom bylo h\u0159i\u0161t\u011b roz\u0161\u00ed\u0159eno o 4 metry, na z\u00e1klad\u011b po\u017eadavku fotbalov\u00e9ho svazu. B\u011bhem rekonstruk\u010dn\u00edch pr\u00e1c\u00ed, kter\u00e9 si vy\u017e\u00e1daly finan\u010dn\u00ed prost\u0159edky ve v\u00fd\u0161i v\u00edce ne\u017e 3 mil. K\u010d, ohromila \u010dleny klubu smutn\u00e1 zpr\u00e1va. 13. \u0159\u00edjna 2003 zem\u0159el dlouholet\u00fd \u010dlen klubu a jeho pe\u010dliv\u00fd archiv\u00e1\u0159 Miloslav Marek a nedo\u010dkal se tak slavnostn\u00edho otev\u0159en\u00ed are\u00e1lu, kter\u00e9 se konalo za p\u0159\u00edtomnosti kamer \u010cesk\u00e9 televize z\u00e1stupc\u016f fotbalov\u00e9ho svazu a v\u00edce ne\u017e stovky p\u0159\u00edznivc\u016f klubu 22. srpna 2004. Slavnostn\u00edmu aktu p\u0159est\u0159i\u017een\u00ed p\u00e1sky p\u0159edch\u00e1zel kr\u00e1tk\u00fd projev p\u0159edsedy v\u00fdboru Jana<\/p>\n<p>Hazuky. Are\u00e1l otev\u0159el starosta Velk\u00e9 Chuchle Stanislav Fresl. Slavnostn\u00ed v\u00fdkop p\u0159i exhibi\u010dn\u00edm utk\u00e1n\u00ed SK \u010cechoslovan (\u201eB\u201c mu\u017estvo + dorost) versus Hv\u011bzdn\u00fd prach (mu\u017estvo slo\u017een\u00e9 ze zn\u00e1m\u00fdch osobnost\u00ed) provedli Jan Hazuka a Josef Du\u0161ek. V\u00a0roce 2005 byly z\u0159\u00edzeny webov\u00e9 str\u00e1nky klubu na adrese <a href=\"http:\/\/cechoslovan.chuchle.cz\/\">http:\/\/cechoslovan.chuchle.cz<\/a> a op\u011bt se poda\u0159il n\u00e1bor nejmlad\u0161\u00edch z\u00e1jemc\u016f o kopanou, p\u0159\u00edpravka za\u010dala hr\u00e1t sout\u011b\u017ee hned v\u00a0n\u00e1sleduj\u00edc\u00edm roce, kdy tak\u00e9\u00a0 klub uspo\u0159\u00e1dal prvn\u00ed ro\u010dn\u00edk turnaje p\u0159\u00edpravky \u201eMemori\u00e1l M\u00edly Marka\u201c (3. \u010dervna 2006), v\u00a0r\u00e1mci oslav 80. v\u00fdro\u010d\u00ed klubu. Jejich hlavn\u00ed \u010d\u00e1st prob\u00edhala o t\u00fdden pozd\u011bji, kdy se konal mistrovsk\u00fd z\u00e1pas \u201eA\u201c mu\u017estva s\u00a0\u0158eporyjemi a p\u0159\u00e1telsk\u00e1 utk\u00e1n\u00ed dorostu a star\u00e9 gardy. Josef Zuska byl p\u0159i t\u00e9to p\u0159\u00edle\u017eitosti dekorov\u00e1n jako nejd\u00e9le hraj\u00edc\u00ed fotbalista \u010cechoslovanu v\u00a0historii. Za chuchelsk\u00fd t\u00fdm nastoupil u\u017e do sv\u00e9 39. sez\u00f3ny. V\u00a0l\u00e9t\u011b se poda\u0159ilo vylep\u0161it div\u00e1ckou \u010d\u00e1st are\u00e1lu d\u00edky dotaci radnice. Pro klub to byla jist\u011b pozitivn\u00ed ud\u00e1lost, na rozd\u00edl od povod\u0148ov\u00e9 hrozby Vltavy,\u00a0 kdy se v dubnu na h\u0159i\u0161ti kv\u016fli podm\u00e1\u010den\u00e9mu tr\u00e1vn\u00edku nehr\u00e1lo. Zaj\u00edmavou ud\u00e1lost\u00ed bylo i vytvo\u0159en\u00ed \u201eC\u201c mu\u017estva a jeho za\u0159azen\u00ed do nejni\u017e\u0161\u00ed pra\u017esk\u00e9 sout\u011b\u017ee po n\u00e1sleduj\u00edc\u00ed dva roky.<\/p>\n<p>V sez\u00f3n\u011b 2007\/2008 hr\u00e1lo \u201eA\u201c mu\u017estvo SK \u010cechoslovan Chuchle pra\u017eskou 1. A t\u0159\u00eddu ve skupin\u011b B, B mu\u017estvo ve 2.t\u0159\u00edd\u011b skupin\u011b A, dorost 2. t\u0159\u00eddu sv\u00e9 sout\u011b\u017ee a p\u0159\u00edpravka 2.t\u0159\u00eddu skupiny D.\u00a0 Veden\u00ed odd\u00edlu pracuje od roku 2008 ve slo\u017een\u00ed:\u00a0 Jaroslav Bernkraut (p\u0159edseda), Jan \u0160orm (jednatel), Roman Krejbich (sekret\u00e1\u0159),\u00a0 Jaroslav Fel\u010d\u00e1rek (hospod\u00e1\u0159), Franti\u0161ek, B\u00e1rta, Richard Hlavat\u00fd a Ji\u0159\u00ed Novotn\u00fd.<\/p>\n","protected":false},"excerpt":{"rendered":"<p>S\u00a0my\u0161lenkou zalo\u017eit sportovn\u00ed klub, kter\u00fd by provozoval kopanou, atletiku, cyklistiku a dal\u0161\u00ed sporty, p\u0159i\u0161el v\u00a0roce 1926 Jan K\u0159i\u0161\u0165\u00e1l p\u0159i sch\u016fzce samozvan\u00e9 spole\u010dnosti \u201eZapla\u0165\u201c v\u00a0restauraci \u201eU T\u016fm\u016f\u201c. Ustavuj\u00edc\u00ed sch\u016fze klubu se konala 26. \u010dervna 1926 a na n\u00e1vrh Stanislava Jirou\u0161ka byl &hellip; <a href=\"https:\/\/regionplus.cz\/chuchle\/spolky\/sportovni-klub-cechoslovan-chuchle\/\">Cel\u00fd p\u0159\u00edsp\u011bvek <span class=\"meta-nav\">&rarr;<\/span><\/a><\/p>\n","protected":false},"author":1,"featured_media":0,"parent":241,"menu_order":0,"comment_status":"closed","ping_status":"closed","template":"","meta":{"footnotes":""},"class_list":["post-247","page","type-page","status-publish","hentry"],"_links":{"self":[{"href":"https:\/\/regionplus.cz\/chuchle\/wp-json\/wp\/v2\/pages\/247","targetHints":{"allow":["GET"]}}],"collection":[{"href":"https:\/\/regionplus.cz\/chuchle\/wp-json\/wp\/v2\/pages"}],"about":[{"href":"https:\/\/regionplus.cz\/chuchle\/wp-json\/wp\/v2\/types\/page"}],"author":[{"embeddable":true,"href":"https:\/\/regionplus.cz\/chuchle\/wp-json\/wp\/v2\/users\/1"}],"replies":[{"embeddable":true,"href":"https:\/\/regionplus.cz\/chuchle\/wp-json\/wp\/v2\/comments?post=247"}],"version-history":[{"count":2,"href":"https:\/\/regionplus.cz\/chuchle\/wp-json\/wp\/v2\/pages\/247\/revisions"}],"predecessor-version":[{"id":453,"href":"https:\/\/regionplus.cz\/chuchle\/wp-json\/wp\/v2\/pages\/247\/revisions\/453"}],"up":[{"embeddable":true,"href":"https:\/\/regionplus.cz\/chuchle\/wp-json\/wp\/v2\/pages\/241"}],"wp:attachment":[{"href":"https:\/\/regionplus.cz\/chuchle\/wp-json\/wp\/v2\/media?parent=247"}],"curies":[{"name":"wp","href":"https:\/\/api.w.org\/{rel}","templated":true}]}}