{"id":227,"date":"2021-10-02T23:47:13","date_gmt":"2021-10-02T21:47:13","guid":{"rendered":"http:\/\/regionplus.cz\/chuchle\/?page_id=227"},"modified":"2022-01-20T16:13:34","modified_gmt":"2022-01-20T15:13:34","slug":"dolomitovy-dul","status":"publish","type":"page","link":"https:\/\/regionplus.cz\/chuchle\/zajimavosti\/dolomitovy-dul\/","title":{"rendered":"Dolomitov\u00fd d\u016fl"},"content":{"rendered":"<p>Severoz\u00e1padn\u011b od Pacoldovy v\u00e1penky se nach\u00e1z\u00ed dolomitov\u00fd d\u016fl. Surovina, kter\u00e1 byla vyu\u017e\u00edvan\u00e1 jako \u017e\u00e1ruvzdorn\u00fd keramick\u00fd materi\u00e1l do vyzd\u00edvek kladensk\u00fdch pec\u00ed a pokusn\u011b i pro cukrovarnick\u00e9 \u00fa\u010dely, se zde dob\u00fdvala hlubinn\u00fdm zp\u016fsobem. Kdy se zde s\u00a0t\u011b\u017ebou dolomitu za\u010dalo, nen\u00ed p\u0159esn\u011b zn\u00e1mo. Jist\u00e9 je, \u017ee od roku 1912 jej t\u011b\u017eila Pra\u017esk\u00e1 \u017eelez\u00e1\u0159sk\u00e1 spole\u010dnost, pozd\u011bji n. p. \u017delezorudn\u00e9 doly Nu\u010dice. Zprvu byla t\u011b\u017eba dolomitu povrchov\u00e1, v tzv. \u201ehlubok\u00fdch jam\u00e1ch\u201c, pozd\u011bji \u0161tolami v\u00a0\u0161esti patrech. V \u0161edes\u00e1t\u00fdch letech minul\u00e9ho stolet\u00ed t\u011b\u017eba skon\u010dila a d\u016fl byl zlikvidov\u00e1n. Dv\u011b spodn\u00ed patra dolu byly a\u017e doned\u00e1vna vyu\u017e\u00edv\u00e1ny jako sklad trhavin firmou Explosive service, dnes je ji\u017e cel\u00fd d\u016fl uzav\u0159en\u00fd a pr\u00e1zdn\u00fd.<\/p>\n","protected":false},"excerpt":{"rendered":"<p>Severoz\u00e1padn\u011b od Pacoldovy v\u00e1penky se nach\u00e1z\u00ed dolomitov\u00fd d\u016fl. Surovina, kter\u00e1 byla vyu\u017e\u00edvan\u00e1 jako \u017e\u00e1ruvzdorn\u00fd keramick\u00fd materi\u00e1l do vyzd\u00edvek kladensk\u00fdch pec\u00ed a pokusn\u011b i pro cukrovarnick\u00e9 \u00fa\u010dely, se zde dob\u00fdvala hlubinn\u00fdm zp\u016fsobem. Kdy se zde s\u00a0t\u011b\u017ebou dolomitu za\u010dalo, nen\u00ed p\u0159esn\u011b zn\u00e1mo. &hellip; <a href=\"https:\/\/regionplus.cz\/chuchle\/zajimavosti\/dolomitovy-dul\/\">Cel\u00fd p\u0159\u00edsp\u011bvek <span class=\"meta-nav\">&rarr;<\/span><\/a><\/p>\n","protected":false},"author":1,"featured_media":0,"parent":225,"menu_order":0,"comment_status":"closed","ping_status":"closed","template":"","meta":{"footnotes":""},"class_list":["post-227","page","type-page","status-publish","hentry"],"_links":{"self":[{"href":"https:\/\/regionplus.cz\/chuchle\/wp-json\/wp\/v2\/pages\/227","targetHints":{"allow":["GET"]}}],"collection":[{"href":"https:\/\/regionplus.cz\/chuchle\/wp-json\/wp\/v2\/pages"}],"about":[{"href":"https:\/\/regionplus.cz\/chuchle\/wp-json\/wp\/v2\/types\/page"}],"author":[{"embeddable":true,"href":"https:\/\/regionplus.cz\/chuchle\/wp-json\/wp\/v2\/users\/1"}],"replies":[{"embeddable":true,"href":"https:\/\/regionplus.cz\/chuchle\/wp-json\/wp\/v2\/comments?post=227"}],"version-history":[{"count":2,"href":"https:\/\/regionplus.cz\/chuchle\/wp-json\/wp\/v2\/pages\/227\/revisions"}],"predecessor-version":[{"id":440,"href":"https:\/\/regionplus.cz\/chuchle\/wp-json\/wp\/v2\/pages\/227\/revisions\/440"}],"up":[{"embeddable":true,"href":"https:\/\/regionplus.cz\/chuchle\/wp-json\/wp\/v2\/pages\/225"}],"wp:attachment":[{"href":"https:\/\/regionplus.cz\/chuchle\/wp-json\/wp\/v2\/media?parent=227"}],"curies":[{"name":"wp","href":"https:\/\/api.w.org\/{rel}","templated":true}]}}