{"id":184,"date":"2021-10-02T23:32:08","date_gmt":"2021-10-02T21:32:08","guid":{"rendered":"http:\/\/regionplus.cz\/chuchle\/?page_id=184"},"modified":"2022-01-19T15:27:19","modified_gmt":"2022-01-19T14:27:19","slug":"chuchelske-lazne","status":"publish","type":"page","link":"https:\/\/regionplus.cz\/chuchle\/historie\/chuchelske-lazne\/","title":{"rendered":"Chuchelsk\u00e9 l\u00e1zn\u011b"},"content":{"rendered":"<p>V\u00a0souvislosti s\u00a0l\u00e1zn\u011bmi, za\u017e\u00edval slavn\u00e9 obdob\u00ed i kostel Narozen\u00ed Panny Marie v Mal\u00e9 Chuchli, nebo\u0165 nedalek\u00e9mu pramenu s\u00a0kapli\u010dkou, kter\u00fd dal z\u00e1klad ke vzniku l\u00e1zn\u00ed, byla p\u0159isuzov\u00e1na z\u00e1zra\u010dn\u00e1 moc a stal se tak \u00a0zn\u00e1m\u00fdm poutn\u00edm m\u00edstem.<\/p>\n<p>P\u0159esn\u00e9 datum vzniku l\u00e1zn\u00ed nezn\u00e1me. P\u0159esto\u017ee v Terezi\u00e1nsk\u00e9m katastru o nich nen\u00ed ani zm\u00ednka, je mo\u017en\u00e9 usuzovat, \u017ee zde existovaly p\u0159ed rokem 1729, a to na z\u00e1klad\u011b pozn\u00e1mky c\u00edrkevn\u00edho historika Anton\u00edna Podlahy. Ve sv\u00fdch z\u00e1znamech uv\u00e1d\u00ed, \u017ee popud k zalo\u017een\u00ed kostela sv. Jana Nepomuck\u00e9ho nad Chuchl\u00ed, dal jak\u00fdsi polsk\u00fd \u0161lechtic, jen\u017e se v uveden\u00e9m roce l\u00e9\u010dil a uzdravil ve vyhl\u00e1\u0161en\u00fdch l\u00e1zn\u00edch. Jestli\u017ee \u0161lo tud\u00ed\u017e o l\u00e1zn\u011b zn\u00e1m\u00e9, musely b\u00fdt zalo\u017eeny ji\u017e o n\u011bkolik let d\u0159\u00edve, ne\u017e byl proveden tento z\u00e1pis.<\/p>\n<p>Prvn\u00ed, ofici\u00e1ln\u00ed zm\u00ednka o nich ale poch\u00e1z\u00ed a\u017e z roku 1736. Jednalo se o st\u00ed\u017enost Marie Schellenbergerov\u00e9, kter\u00e1 pronajala l\u00e1ze\u0148sk\u00fd d\u016fm a ml\u00fdn od kl\u00e1\u0161tera, z\u00a0\u010deho\u017e je patrn\u00e9, \u017ee \u0161lo o jednu budovu (dne\u0161n\u00ed \u201estar\u00e9 l\u00e1zn\u011b\u201c s nikou Panny Marie).<\/p>\n<p>O p\u00e1r let pozd\u011bji, v\u00a0roce 1739 pak l\u00e1zn\u011b proslavil spis Jana Anton\u00edna Josefa Scrinciho, pozd\u011bj\u0161\u00edho rektora Karlovy univerzity, jen\u017e v n\u011bm doporu\u010doval chuchelskou vodu k l\u00e9\u010den\u00ed \u017eensk\u00fdch nemoc\u00ed, \u017ealude\u010dn\u00edch pot\u00ed\u017e\u00ed, bolest\u00ed hlavy a dokonce i k\u0159e\u010dov\u00fdch \u017eil, co\u017e dolo\u017eil dvan\u00e1cti zkou\u0161kami zdej\u0161\u00ed vody. D\u00e1le v knize doporu\u010doval om\u00fdv\u00e1n\u00ed t\u011bla l\u00e9\u010divou vodou, a tak pod vlivem tohoto d\u00edla se v Chuchli za\u010dalo k l\u00e9\u010den\u00ed u\u017e\u00edvat koupel\u00ed ve van\u00e1ch (zbytky t\u011bchto van byly v are\u00e1lu l\u00e1zn\u00ed k vid\u011bn\u00ed je\u0161t\u011b na konci minul\u00e9ho stolet\u00ed). Autor jedine\u010dn\u00e9ho a dnes z balneologick\u00e9ho hlediska unik\u00e1tn\u00edho d\u00edla se zde rovn\u011b\u017e zmi\u0148uje i o dal\u0161\u00edm n\u00e1jemci l\u00e1zn\u00ed \u2013 pobo\u017en\u00e9m a slavn\u00e9m doktoru Fuchsovi. S\u00e1m chuchelsk\u00e9 l\u00e1zn\u011b naz\u00fdv\u00e1 Theodor\u2013Bad, snad podle tehdej\u0161\u00edho opata Zbraslavsk\u00e9ho kl\u00e1\u0161tera. D\u00e1le zde zmi\u0148uje tak\u00e9 Kroniku \u010deskou V\u00e1clava H\u00e1jka z\u00a0Libo\u010dan, v\u00a0n\u00ed\u017e je popisov\u00e1n spor dvou brat\u0159\u00ed z Chuchle, kter\u00fd nakonec rozsoudila sama kn\u011b\u017ena Libu\u0161e, co\u017e potom vedlo k dosazen\u00ed P\u0159emysla na kn\u00ed\u017eec\u00ed tr\u016fn. Zaj\u00edmav\u00fd je i stru\u010dn\u00fd popis krajiny \u2013 romantick\u00e9ho \u00fadol\u00ed a p\u011bkn\u00fdch v\u00fdhled\u016f z okoln\u00edch kopc\u016f.<\/p>\n<p>V\u011bhlas chuchelsk\u00e9 vody byl tak velik\u00fd, \u017ee ji podle m\u00edstn\u00ed pov\u011bsti pila i Marie Terezie. Spojen\u00ed s mari\u00e1nskou tradic\u00ed bylo tak siln\u00e9, \u017ee v m\u00edst\u011b pramene v polovin\u011b 18. stolet\u00ed vznikla mal\u00e1 kapli\u010dka s p\u00edskovov\u00fdm reli\u00e9fem Panny Marie.<\/p>\n<p>Rozvoj chuchelsk\u00fdch l\u00e1zn\u00ed umo\u017enilo tak\u00e9 mimo\u0159\u00e1dn\u00e9 zlep\u0161en\u00ed dopravn\u00edho spojen\u00ed se Sm\u00edchovem a Prahou. Dosud toti\u017e vedla sm\u011brem od Zl\u00edchova do Chuchle \u00fazk\u00e1 a hrbolat\u00e1 cesta, po kter\u00e9 projelo vedle sebe jen n\u011bkolik p\u00e1r\u016f kon\u00ed. Hlavn\u00ed dopravn\u00ed trasa vedla p\u0159es nedalek\u00fd Slivenec. Za francouzsk\u00e9 okupace Prahy v roce 1742, v dob\u011b v\u00e1lek o rakousk\u00e9 d\u011bdictv\u00ed, vyl\u00e1mali Francouzi sk\u00e1lu za plaveck\u00fdm hostincem Vysko\u010dilkou, pod dne\u0161n\u00edm Barrandovem a t\u00edm vznikla nov\u00e1 cesta.<\/p>\n<p>Gruntovn\u00ed kniha z roku 1750 nerozli\u0161uje Malou a Velkou Chuchli, je z n\u00ed patrn\u00e9, \u017ee se zde nach\u00e1zela pansk\u00e1 l\u00e1ze\u0148, ml\u00fdn a hospoda Vysko\u010dilka.<\/p>\n<p>Kostel Narozen\u00ed Panny Marie se ve sv\u00e9 p\u016fvodn\u00ed rom\u00e1nsk\u00e9 podobn\u011b neust\u00e1le opravoval, jeho poloha na pokraji potoka m\u011bla toti\u017e za n\u00e1sledek \u010dast\u00e9 podm\u00e1\u010den\u00ed zd\u00ed, co\u017e vedlo k\u00a0tomu, \u017ee se kostel nakonec z\u0159\u00edtil. Z\u016fstal z n\u011bj zachov\u00e1n pouze zvon z roku 1707, jen\u017e byl zav\u011b\u0161en do nov\u00e9ho kostela, kter\u00fd nechal na p\u016fvodn\u00edm m\u00edst\u011b, s\u00a0ji\u017e dosta\u010duj\u00edc\u00ed nav\u00e1\u017ekou postavit Zbraslavsk\u00fd kl\u00e1\u0161ter. Zasv\u011bcen byl op\u011bt Narozen\u00ed Panny Marie a sv\u00e9mu \u00fa\u010delu za\u010dal slou\u017eit 7. z\u00e1\u0159\u00ed 1774, kdy byl posv\u011bcen posledn\u00edm opatem kl\u00e1\u0161tera, Celestynem Stoyem.<\/p>\n<p>Josef II. nechal v roce 1785 Zbraslavsk\u00fd kl\u00e1\u0161ter zru\u0161it a jeho majetek tak, v\u010detn\u011b obou Chuchl\u00ed, p\u0159ipadl n\u00e1bo\u017eensk\u00e9mu fondu. T\u00edm chuchelsk\u00e9 l\u00e1zn\u011b byly bez majitele a\u017e do 8. \u0159\u00edjna 1787, kdy se konala ve\u0159ejn\u00e1 dra\u017eba, na n\u00ed\u017e je za 1850 zlat\u00fdch koupil Franz Jillich. Z kupn\u00ed smlouvy vypl\u00fdv\u00e1, \u017ee v\u00a0 tehdej\u0161\u00ed dob\u011b ji\u017e st\u00e1la budova l\u00e1ze\u0148sk\u00e9ho hostince (\u010dp. 42).\u00a0 Majitel l\u00e1zn\u00ed musel platit ro\u010dn\u00ed \u010din\u017ei 80 zlat\u00fdch a o vodu se d\u011blil s majitelem nedalek\u00e9ho ml\u00fdna. Av\u0161ak ji\u017e v n\u00e1sleduj\u00edc\u00edm roce, p\u0159esto \u017ee nechal ud\u011blat\u00a0 novou \u0161indelovou st\u0159echu, se Jillich rozhodl jinak zpustl\u00e9 l\u00e1zn\u011b prodat zbraslavsk\u00e9mu sl\u00e1dkovi Nedbalovi za 4000 zlat\u00fdch. V Mal\u00e9 Chuchli bylo v t\u00e9 dob\u011b osm popisn\u00fdch \u010d\u00edsel, v jej\u00ed v\u011bt\u0161\u00ed jmenovkyni asi dvakr\u00e1t tolik.<\/p>\n<p>15. kv\u011btna 1793 byl spolu se zl\u00edchovsk\u00fdm kostelem vykraden tak\u00e9 kostel sv. Jana Nepomuck\u00e9ho, z n\u011bho\u017e dokonce byly odcizeny i zvony. Od t\u00e9 doby byl zpusto\u0161en\u00fd, a to a\u017e do roku 1846, kdy jej nechala na vlastn\u00ed n\u00e1klady opravit Marie Anna Oettingen Wallerstein).<\/p>\n","protected":false},"excerpt":{"rendered":"<p>V\u00a0souvislosti s\u00a0l\u00e1zn\u011bmi, za\u017e\u00edval slavn\u00e9 obdob\u00ed i kostel Narozen\u00ed Panny Marie v Mal\u00e9 Chuchli, nebo\u0165 nedalek\u00e9mu pramenu s\u00a0kapli\u010dkou, kter\u00fd dal z\u00e1klad ke vzniku l\u00e1zn\u00ed, byla p\u0159isuzov\u00e1na z\u00e1zra\u010dn\u00e1 moc a stal se tak \u00a0zn\u00e1m\u00fdm poutn\u00edm m\u00edstem. P\u0159esn\u00e9 datum vzniku l\u00e1zn\u00ed nezn\u00e1me. P\u0159esto\u017ee &hellip; <a href=\"https:\/\/regionplus.cz\/chuchle\/historie\/chuchelske-lazne\/\">Cel\u00fd p\u0159\u00edsp\u011bvek <span class=\"meta-nav\">&rarr;<\/span><\/a><\/p>\n","protected":false},"author":1,"featured_media":0,"parent":173,"menu_order":-26,"comment_status":"closed","ping_status":"closed","template":"","meta":{"footnotes":""},"class_list":["post-184","page","type-page","status-publish","hentry"],"_links":{"self":[{"href":"https:\/\/regionplus.cz\/chuchle\/wp-json\/wp\/v2\/pages\/184","targetHints":{"allow":["GET"]}}],"collection":[{"href":"https:\/\/regionplus.cz\/chuchle\/wp-json\/wp\/v2\/pages"}],"about":[{"href":"https:\/\/regionplus.cz\/chuchle\/wp-json\/wp\/v2\/types\/page"}],"author":[{"embeddable":true,"href":"https:\/\/regionplus.cz\/chuchle\/wp-json\/wp\/v2\/users\/1"}],"replies":[{"embeddable":true,"href":"https:\/\/regionplus.cz\/chuchle\/wp-json\/wp\/v2\/comments?post=184"}],"version-history":[{"count":3,"href":"https:\/\/regionplus.cz\/chuchle\/wp-json\/wp\/v2\/pages\/184\/revisions"}],"predecessor-version":[{"id":405,"href":"https:\/\/regionplus.cz\/chuchle\/wp-json\/wp\/v2\/pages\/184\/revisions\/405"}],"up":[{"embeddable":true,"href":"https:\/\/regionplus.cz\/chuchle\/wp-json\/wp\/v2\/pages\/173"}],"wp:attachment":[{"href":"https:\/\/regionplus.cz\/chuchle\/wp-json\/wp\/v2\/media?parent=184"}],"curies":[{"name":"wp","href":"https:\/\/api.w.org\/{rel}","templated":true}]}}