{"id":175,"date":"2021-10-02T23:26:43","date_gmt":"2021-10-02T21:26:43","guid":{"rendered":"http:\/\/regionplus.cz\/chuchle\/?page_id=175"},"modified":"2022-01-26T08:26:41","modified_gmt":"2022-01-26T07:26:41","slug":"cesta-do-praveku","status":"publish","type":"page","link":"https:\/\/regionplus.cz\/chuchle\/historie\/cesta-do-praveku\/","title":{"rendered":"Cesta do prav\u011bku"},"content":{"rendered":"<p>Kdy os\u00eddlil tuto krajinu \u010dlov\u011bk? Odpov\u011b\u010f lze naj\u00edt v archeologick\u00fdch n\u00e1lezech, kter\u00e9 byly objeveny v pr\u016fb\u011bhu dvac\u00e1t\u00e9ho stolet\u00ed. Nejstar\u0161\u00ed z nich pak poch\u00e1zej\u00ed z Lahovic a Radot\u00edna.<\/p>\n<p>V\u00a0roce 1989 bylo v\u00a0souvislosti s\u00a0v\u00fdstavbou tribuny na dostihov\u00e9m z\u00e1vodi\u0161ti ve Velk\u00e9 Chuchli\u00a0 objeveno n\u011bkolik hrob\u016f z doby bronzov\u00e9. Mezi nejv\u00fdznamn\u011bj\u0161\u00ed n\u00e1lez pat\u0159il dvojhrob, v\u00a0n\u011bm\u017e byli ulo\u017eeni dosp\u011bl\u00ed a d\u00edt\u011b z\u00a0obdob\u00ed 1700 let p\u0159. n. l., kter\u00fd byl nalezen p\u0159i v\u00fdkopu pro in\u017een\u00fdrsk\u00e9 s\u00edt\u011b, p\u0159i z\u00e1chrann\u00e9m archeologick\u00e9m v\u00fdzkumu.<\/p>\n<p>Podobn\u00e9 poh\u0159ebi\u0161t\u011b bylo objeveno i o n\u011bkolik let pozd\u011bji, v roce 1994, p\u0159i hlouben\u00ed r\u00fdh a \u0161achet pro kanalizaci v ulici U Sk\u00e1ly. Pod v\u00edce ne\u017e dvoumetrovou vrstvou naplavenin bylo objeveno s\u00eddli\u0161t\u011b knov\u00edzsk\u00e9 kultury z mlad\u0161\u00ed doby bronzov\u00e9. Archeology zde byla dolo\u017eena d\u0159ev\u011bn\u00e1 nadzemn\u00ed stavba s\u00a0pec\u00ed, kter\u00e1 byla pravd\u011bpodobn\u011b zni\u010den\u00e1 po\u017e\u00e1rem, konstrukce plotu a n\u011bkolik jam, kter\u00e9 slou\u017eily patrn\u011b k ukl\u00e1d\u00e1n\u00ed odpadu. Na\u0161lo se zde rovn\u011b\u017e mno\u017estv\u00ed kost\u00ed a velk\u00e9 \u00falomky keramiky. Ojedin\u011bl\u00fd byl i n\u00e1lez bronzov\u00e9 jehlice se svinutou hlavic\u00ed.<\/p>\n<p>Nejnov\u011bj\u0161\u00ed n\u00e1lez poch\u00e1z\u00ed z oblasti Hv\u011bzd\u00e1rny, kde na pozemku developersk\u00e9 firmy v\u00fdchodn\u011b od ulice Na Hv\u011bzd\u00e1rn\u011b byl p\u0159i v\u00fdkopov\u00fdch prac\u00edch odhalen kostrov\u00fd hrob z obdob\u00ed neolitu. \u0160lo o kostru mu\u017ee &#8211; skr\u010dence, ulo\u017eenou sm\u011brem k severu, kter\u00e1 byla odkryta v \u00faplnosti, samotn\u00e9 kosti byly ale v pom\u011brn\u011b \u0161patn\u00e9m stavu. S nejvy\u0161\u0161\u00ed pravd\u011bpodobnost\u00ed \u0161lo o lovce z kultury zvoncov\u00fdch poh\u00e1r\u016f, jeho\u017e v\u00fd\u0161ka se pohybuje okolo 180 cm.<\/p>\n<p>Mezi n\u00e1lezy, s nimi\u017e byl mu\u017e poh\u0159ben, byla lukost\u0159eleck\u00e1 v\u00fdbava skl\u00e1daj\u00edc\u00ed se z hrot\u016f \u0161\u00edp\u016f a n\u00e1tepn\u00ed desti\u010dky, fragmenty m\u011bd\u011bn\u00fdch p\u0159edm\u011bt\u016f, zlomky keramiky, \u00falomky mazanice a ojedin\u011ble zv\u00ed\u0159ec\u00ed kosti. Z\u00e1chrann\u00fd archeologick\u00fd pr\u016fzkum zde prob\u00edhal od z\u00e1\u0159\u00ed do prosince 2007.<\/p>\n","protected":false},"excerpt":{"rendered":"<p>Kdy os\u00eddlil tuto krajinu \u010dlov\u011bk? Odpov\u011b\u010f lze naj\u00edt v archeologick\u00fdch n\u00e1lezech, kter\u00e9 byly objeveny v pr\u016fb\u011bhu dvac\u00e1t\u00e9ho stolet\u00ed. Nejstar\u0161\u00ed z nich pak poch\u00e1zej\u00ed z Lahovic a Radot\u00edna. V\u00a0roce 1989 bylo v\u00a0souvislosti s\u00a0v\u00fdstavbou tribuny na dostihov\u00e9m z\u00e1vodi\u0161ti ve Velk\u00e9 Chuchli\u00a0 objeveno &hellip; <a href=\"https:\/\/regionplus.cz\/chuchle\/historie\/cesta-do-praveku\/\">Cel\u00fd p\u0159\u00edsp\u011bvek <span class=\"meta-nav\">&rarr;<\/span><\/a><\/p>\n","protected":false},"author":1,"featured_media":0,"parent":173,"menu_order":-30,"comment_status":"closed","ping_status":"closed","template":"","meta":{"footnotes":""},"class_list":["post-175","page","type-page","status-publish","hentry"],"_links":{"self":[{"href":"https:\/\/regionplus.cz\/chuchle\/wp-json\/wp\/v2\/pages\/175","targetHints":{"allow":["GET"]}}],"collection":[{"href":"https:\/\/regionplus.cz\/chuchle\/wp-json\/wp\/v2\/pages"}],"about":[{"href":"https:\/\/regionplus.cz\/chuchle\/wp-json\/wp\/v2\/types\/page"}],"author":[{"embeddable":true,"href":"https:\/\/regionplus.cz\/chuchle\/wp-json\/wp\/v2\/users\/1"}],"replies":[{"embeddable":true,"href":"https:\/\/regionplus.cz\/chuchle\/wp-json\/wp\/v2\/comments?post=175"}],"version-history":[{"count":3,"href":"https:\/\/regionplus.cz\/chuchle\/wp-json\/wp\/v2\/pages\/175\/revisions"}],"predecessor-version":[{"id":458,"href":"https:\/\/regionplus.cz\/chuchle\/wp-json\/wp\/v2\/pages\/175\/revisions\/458"}],"up":[{"embeddable":true,"href":"https:\/\/regionplus.cz\/chuchle\/wp-json\/wp\/v2\/pages\/173"}],"wp:attachment":[{"href":"https:\/\/regionplus.cz\/chuchle\/wp-json\/wp\/v2\/media?parent=175"}],"curies":[{"name":"wp","href":"https:\/\/api.w.org\/{rel}","templated":true}]}}