{"id":160,"date":"2021-10-02T23:22:44","date_gmt":"2021-10-02T21:22:44","guid":{"rendered":"http:\/\/regionplus.cz\/chuchle\/?page_id=160"},"modified":"2022-01-19T15:09:44","modified_gmt":"2022-01-19T14:09:44","slug":"priroda","status":"publish","type":"page","link":"https:\/\/regionplus.cz\/chuchle\/priroda\/","title":{"rendered":"P\u0159\u00edroda"},"content":{"rendered":"<p>Mal\u00e1 i Velk\u00e1 Chuchle maj\u00ed \u010dlenit\u00e9 \u00fazem\u00ed, s p\u0159ev\u00fd\u0161en\u00edm 100 metr\u016f. Vzd\u00e1lenost od st\u0159edu Prahy je 11 km. Nejvy\u0161\u0161\u00ed nadmo\u0159sk\u00e1 v\u00fd\u0161ka je 340 m a dosahuj\u00ed ji vrcholov\u00e9 partie Chuchelsk\u00e9ho h\u00e1je. Nejni\u017e\u0161\u00ed\u00a0 nadmo\u0159skou v\u00fd\u0161ku m\u00e1 hladina Vltavy (190 m), a to na hranic\u00edch katastru Mal\u00e9 Chuchle s hranicemi katastr\u00e1ln\u00edho \u00fazem\u00ed Hlubo\u010depy. \u0158eka Vltava je tak\u00e9 hranic\u00ed na v\u00fdchodn\u00ed \u010d\u00e1sti m\u011bstsk\u00e9 \u010d\u00e1sti.<\/p>\n<p>\u00dazem\u00ed obce le\u017e\u00ed v severn\u00edm m\u00edrn\u00e9m p\u00e1su na p\u0159echodu mezi oce\u00e1nsk\u00fdm a vnitrozemsk\u00fdm podneb\u00edm s t\u00edm, \u017ee zde p\u0159evl\u00e1daj\u00ed v\u011btry z\u00e1padn\u00edho proud\u011bn\u00ed. Ro\u010dn\u00ed obla\u010dnost m\u00e1 pr\u016fm\u011br 6,7, slunce zde sv\u00edt\u00ed pr\u016fm\u011brn\u011b 43 % doby, kdy je nad obzorem, sr\u00e1\u017eek zde spadne pr\u016fm\u011brn\u011b 154 cm<sup>3<\/sup>, pr\u016fm\u011brn\u00e1 ro\u010dn\u00ed teplota je 9,2<sup>o<\/sup> C.<\/p>\n<p>Velk\u00e1 Chuchle je polo\u017eena v\u00a0\u00fadol\u00ed orientovan\u00e9m v\u00a0z\u00e1padov\u00fdchodn\u00edm sm\u011bru, kter\u00fdm prot\u00e9k\u00e1 potok Vrutice, jen\u017e se vl\u00e9v\u00e1 do Vltavy. Na z\u00e1pad\u011b je toto \u00fadol\u00ed uzav\u0159eno kopcem, kter\u00fd se podle sv\u00e9ho charakteristick\u00e9ho vzhledu naz\u00fdv\u00e1 Homolka. Na sever od n\u011bj je \u00fazem\u00ed b\u00fdval\u00e9 skl\u00e1dky, kam se 25 let ukl\u00e1dal tuh\u00fd komun\u00e1ln\u00ed odpad. Tak zde vznikl um\u011bl\u00fd, asi 50 m vysok\u00fd kopec, kter\u00fd p\u0159evy\u0161uje okol\u00ed. D\u00edky jemu zde nem\u016f\u017ee p\u0159irozen\u011b, p\u0159ev\u00e1\u017en\u011b od z\u00e1padu proudit vzduch, co\u017e m\u011blo negativn\u00ed vliv na zdej\u0161\u00ed prost\u0159ed\u00ed, hlavn\u011b v\u00a0zimn\u00edch m\u011bs\u00edc\u00edch, kdy se topilo tuh\u00fdmi palivy.<\/p>\n<p>Pravob\u0159e\u017en\u00ed partie potoka Vrutice proti b\u00fdval\u00e9mu dolu na dolomitizovan\u00fd v\u00e1penec jsou pokryty nep\u016fvodn\u00edmi d\u0159evinn\u00fdmi porosty s dominanc\u00ed jasanu na odvalov\u00e9m materi\u00e1lu dolu. Ji\u017en\u011bji polo\u017een\u00e9 lesn\u00ed \u00faseky \u2013 ulice V Dol\u00edch, jsou tvo\u0159eny jehli\u010dnat\u00fdmi porosty borovice \u010dern\u00e9, mod\u0159\u00ednu opadav\u00e9ho a smrku ztepil\u00e9ho. Severn\u00ed okraj lesn\u00edho komplexu je obt\u00e9k\u00e1n mal\u00fdm p\u0159\u00edtokem Vrutice, pod\u00e9l n\u011bho\u017e je vytvo\u0159en \u00fazk\u00fd pruh poto\u010dn\u00edho luhu. Lesn\u00ed komplex d\u00e1le vyb\u00edh\u00e1 do poln\u00edch kultur sm\u011brem k z\u00e1padu, na \u00fazem\u00ed M\u011bstsk\u00e9 \u010d\u00e1sti Praha \u2013 Slivenec. \u00dazk\u00fd pruh luhu zasahuje i do tohoto c\u00edpu a kop\u00edruje pramen zm\u00edn\u011bn\u00e9ho p\u0159\u00edtoku Vrutice. Soustava mez\u00ed severoji\u017en\u00edho sm\u011bru spojuje les se zalesn\u011bnou enkl\u00e1vou p\u0159i zahr\u00e1dk\u00e1\u0159sk\u00e9 kolonii Lahovsk\u00e1. Lesn\u00ed porosty maj\u00ed charakter dubohab\u0159in, nelesn\u00ed plochy jsou charakteru teplomiln\u00fdch lu\u010dn\u00edch porost\u016f s pom\u011brn\u011b bohat\u00fdm druhov\u00fdm slo\u017een\u00edm.<\/p>\n<p>Ji\u017en\u011b od ulice Dostihov\u00e1 zauj\u00edm\u00e1 velkou plochu chuchelsk\u00e9 z\u00e1vodi\u0161t\u011b, charakterizovan\u00e9 \u0161lapan\u00fdmi tr\u00e1vn\u00edky, druhotn\u00fdmi porosty d\u0159evin a parkov\u00fdmi v\u00fdsadbami. P\u0159i ji\u017en\u00edm okraji z\u00e1vodi\u0161t\u011b, v ter\u00e9nn\u00ed prohlubni orientovan\u00e9 kolmo na ulici Radot\u00ednskou, je vytvo\u0159en rozs\u00e1hl\u00fd porost bol\u0161evn\u00edku velkolep\u00e9ho. Na v\u00fdchod u z\u00e1vodi\u0161t\u011b, mezi silnic\u00ed Strakonickou a vltavsk\u00fdm b\u0159ehem, je \u0159ada v\u00fdrobn\u00edch podnik\u016f, kde byla je\u0161t\u011b p\u0159ed povodn\u00ed v srpnu 2002 geobotanicky indikov\u00e1na kontaminace vltavsk\u00e9ho b\u0159ehu bl\u00ed\u017ee nespecifikovan\u00fdmi l\u00e1tkami.<\/p>\n<p>Mal\u00e1 Chuchle je orientov\u00e1na v\u00a0\u00fast\u00ed velmi \u00fazk\u00e9ho \u00fadol\u00ed, jeho\u017e osou je Mari\u00e1nskol\u00e1ze\u0148sk\u00fd potok, ozna\u010dovan\u00fd n\u011bkdy jako \u010certova strouha, jen\u017e je svoj\u00ed d\u00e9lkou \u2013 1 km, nejkrat\u0161\u00ed v\u00a0Praze. V\u00a0jeho horn\u00ed \u010d\u00e1sti toku vyv\u011br\u00e1 mineralizovan\u00fd pramen, kter\u00fd se stal praz\u00e1kladem n\u011bkdej\u0161\u00edch chuchelsk\u00fdch l\u00e1zn\u00ed. Jde mj. o v\u00fdzna\u010dnou pra\u017eskou vyv\u011bra\u010dku s\u00a0lo\u017eiskem p\u011bnovc\u016f.<\/p>\n<p>Od roku 1990 je \u00fazem\u00ed M\u011bstsk\u00e9 \u010d\u00e1sti Praha \u2013 Velk\u00e1 Chuchle sou\u010d\u00e1st\u00ed p\u0159\u00edrodn\u00edho parku Radot\u00ednsko \u2013 chuchelsk\u00fd h\u00e1j.<\/p>\n","protected":false},"excerpt":{"rendered":"<p>Mal\u00e1 i Velk\u00e1 Chuchle maj\u00ed \u010dlenit\u00e9 \u00fazem\u00ed, s p\u0159ev\u00fd\u0161en\u00edm 100 metr\u016f. Vzd\u00e1lenost od st\u0159edu Prahy je 11 km. Nejvy\u0161\u0161\u00ed nadmo\u0159sk\u00e1 v\u00fd\u0161ka je 340 m a dosahuj\u00ed ji vrcholov\u00e9 partie Chuchelsk\u00e9ho h\u00e1je. Nejni\u017e\u0161\u00ed\u00a0 nadmo\u0159skou v\u00fd\u0161ku m\u00e1 hladina Vltavy (190 m), a &hellip; <a href=\"https:\/\/regionplus.cz\/chuchle\/priroda\/\">Cel\u00fd p\u0159\u00edsp\u011bvek <span class=\"meta-nav\">&rarr;<\/span><\/a><\/p>\n","protected":false},"author":1,"featured_media":0,"parent":0,"menu_order":0,"comment_status":"closed","ping_status":"closed","template":"","meta":{"footnotes":""},"class_list":["post-160","page","type-page","status-publish","hentry"],"_links":{"self":[{"href":"https:\/\/regionplus.cz\/chuchle\/wp-json\/wp\/v2\/pages\/160","targetHints":{"allow":["GET"]}}],"collection":[{"href":"https:\/\/regionplus.cz\/chuchle\/wp-json\/wp\/v2\/pages"}],"about":[{"href":"https:\/\/regionplus.cz\/chuchle\/wp-json\/wp\/v2\/types\/page"}],"author":[{"embeddable":true,"href":"https:\/\/regionplus.cz\/chuchle\/wp-json\/wp\/v2\/users\/1"}],"replies":[{"embeddable":true,"href":"https:\/\/regionplus.cz\/chuchle\/wp-json\/wp\/v2\/comments?post=160"}],"version-history":[{"count":3,"href":"https:\/\/regionplus.cz\/chuchle\/wp-json\/wp\/v2\/pages\/160\/revisions"}],"predecessor-version":[{"id":392,"href":"https:\/\/regionplus.cz\/chuchle\/wp-json\/wp\/v2\/pages\/160\/revisions\/392"}],"wp:attachment":[{"href":"https:\/\/regionplus.cz\/chuchle\/wp-json\/wp\/v2\/media?parent=160"}],"curies":[{"name":"wp","href":"https:\/\/api.w.org\/{rel}","templated":true}]}}