{"id":154,"date":"2021-10-02T23:14:32","date_gmt":"2021-10-02T21:14:32","guid":{"rendered":"http:\/\/regionplus.cz\/chuchle\/?page_id=154"},"modified":"2021-10-02T23:14:32","modified_gmt":"2021-10-02T21:14:32","slug":"ruzickova-bejrova-vera","status":"publish","type":"page","link":"https:\/\/regionplus.cz\/chuchle\/vyznamne-osobnosti\/ruzickova-bejrova-vera\/","title":{"rendered":"R\u016f\u017ei\u010dkov\u00e1 &#8211; Bejrov\u00e1 V\u011bra"},"content":{"rendered":"<p>&nbsp;<\/p>\n<p>Dal\u0161\u00ed zdroje:<\/p>\n<p><a href=\"https:\/\/cs.wikipedia.org\/wiki\/V%C4%9Bra_R%C5%AF%C5%BEi%C4%8Dkov%C3%A1-Bejrov%C3%A1\">https:\/\/cs.wikipedia.org\/wiki\/V%C4%9Bra_R%C5%AF%C5%BEi%C4%8Dkov%C3%A1-Bejrov%C3%A1<\/a><\/p>\n","protected":false},"excerpt":{"rendered":"<p>&nbsp; Dal\u0161\u00ed zdroje: https:\/\/cs.wikipedia.org\/wiki\/V%C4%9Bra_R%C5%AF%C5%BEi%C4%8Dkov%C3%A1-Bejrov%C3%A1<\/p>\n","protected":false},"author":1,"featured_media":0,"parent":96,"menu_order":0,"comment_status":"closed","ping_status":"closed","template":"","meta":{"footnotes":""},"class_list":["post-154","page","type-page","status-publish","hentry"],"_links":{"self":[{"href":"https:\/\/regionplus.cz\/chuchle\/wp-json\/wp\/v2\/pages\/154","targetHints":{"allow":["GET"]}}],"collection":[{"href":"https:\/\/regionplus.cz\/chuchle\/wp-json\/wp\/v2\/pages"}],"about":[{"href":"https:\/\/regionplus.cz\/chuchle\/wp-json\/wp\/v2\/types\/page"}],"author":[{"embeddable":true,"href":"https:\/\/regionplus.cz\/chuchle\/wp-json\/wp\/v2\/users\/1"}],"replies":[{"embeddable":true,"href":"https:\/\/regionplus.cz\/chuchle\/wp-json\/wp\/v2\/comments?post=154"}],"version-history":[{"count":1,"href":"https:\/\/regionplus.cz\/chuchle\/wp-json\/wp\/v2\/pages\/154\/revisions"}],"predecessor-version":[{"id":155,"href":"https:\/\/regionplus.cz\/chuchle\/wp-json\/wp\/v2\/pages\/154\/revisions\/155"}],"up":[{"embeddable":true,"href":"https:\/\/regionplus.cz\/chuchle\/wp-json\/wp\/v2\/pages\/96"}],"wp:attachment":[{"href":"https:\/\/regionplus.cz\/chuchle\/wp-json\/wp\/v2\/media?parent=154"}],"curies":[{"name":"wp","href":"https:\/\/api.w.org\/{rel}","templated":true}]}}