{"id":139,"date":"2021-10-02T23:08:40","date_gmt":"2021-10-02T21:08:40","guid":{"rendered":"http:\/\/regionplus.cz\/chuchle\/?page_id=139"},"modified":"2023-05-10T21:08:07","modified_gmt":"2023-05-10T19:08:07","slug":"sach-josef","status":"publish","type":"page","link":"https:\/\/regionplus.cz\/chuchle\/vyznamne-osobnosti\/sach-josef\/","title":{"rendered":"\u0160ach Josef"},"content":{"rendered":"<p>4. 12. 1919 &#8211; 27. 10. 1986<\/p>\n<p>\u017dokej stolet\u00ed<\/p>\n<p>Je poh\u0159ben\u00fd na star\u00e9m h\u0159bitov\u011b ve Velk\u00e9 Chuchli, \u010d\u00edslo hrobu 53<\/p>\n","protected":false},"excerpt":{"rendered":"<p>4. 12. 1919 &#8211; 27. 10. 1986 \u017dokej stolet\u00ed Je poh\u0159ben\u00fd na star\u00e9m h\u0159bitov\u011b ve Velk\u00e9 Chuchli, \u010d\u00edslo hrobu 53<\/p>\n","protected":false},"author":1,"featured_media":0,"parent":96,"menu_order":0,"comment_status":"closed","ping_status":"closed","template":"","meta":{"footnotes":""},"class_list":["post-139","page","type-page","status-publish","hentry"],"_links":{"self":[{"href":"https:\/\/regionplus.cz\/chuchle\/wp-json\/wp\/v2\/pages\/139","targetHints":{"allow":["GET"]}}],"collection":[{"href":"https:\/\/regionplus.cz\/chuchle\/wp-json\/wp\/v2\/pages"}],"about":[{"href":"https:\/\/regionplus.cz\/chuchle\/wp-json\/wp\/v2\/types\/page"}],"author":[{"embeddable":true,"href":"https:\/\/regionplus.cz\/chuchle\/wp-json\/wp\/v2\/users\/1"}],"replies":[{"embeddable":true,"href":"https:\/\/regionplus.cz\/chuchle\/wp-json\/wp\/v2\/comments?post=139"}],"version-history":[{"count":3,"href":"https:\/\/regionplus.cz\/chuchle\/wp-json\/wp\/v2\/pages\/139\/revisions"}],"predecessor-version":[{"id":668,"href":"https:\/\/regionplus.cz\/chuchle\/wp-json\/wp\/v2\/pages\/139\/revisions\/668"}],"up":[{"embeddable":true,"href":"https:\/\/regionplus.cz\/chuchle\/wp-json\/wp\/v2\/pages\/96"}],"wp:attachment":[{"href":"https:\/\/regionplus.cz\/chuchle\/wp-json\/wp\/v2\/media?parent=139"}],"curies":[{"name":"wp","href":"https:\/\/api.w.org\/{rel}","templated":true}]}}