{"id":1215,"date":"2025-09-23T22:54:49","date_gmt":"2025-09-23T20:54:49","guid":{"rendered":"https:\/\/regionplus.cz\/chuchle\/?page_id=1215"},"modified":"2025-09-23T22:54:49","modified_gmt":"2025-09-23T20:54:49","slug":"tramvaj","status":"publish","type":"page","link":"https:\/\/regionplus.cz\/chuchle\/zajimavosti\/doprava\/tramvaj\/","title":{"rendered":"Tramvaj"},"content":{"rendered":"<p>Do chuchelsk\u00e9 dopravy ur\u010dit\u011b pat\u0159\u00ed i kuriozn\u00ed zpr\u00e1va t\u00fdkaj\u00edc\u00ed se tramvaje. V zachovan\u00fdch dokladech je uvedeno, \u017ee po roce 1894 z\u00edskal Franti\u0161ek K\u0159i\u017e\u00edk \u2013 vyn\u00e1lezce tramvaje, od ministerstva \u017eeleznic povolen\u00ed k technick\u00fdm prac\u00edm na odv\u00e1\u017en\u00fdch projektech prodlou\u017een\u00ed tramvaje po letensk\u00e9 str\u00e1ni p\u0159es Malou Stranu a Sm\u00edchov do Chuchle, alternativn\u011b t\u00e9\u017e na Zbraslav. Projekt v\u0161ak nebyl nikdy realizov\u00e1n, vzhledem k dal\u0161\u00edm z\u00e1m\u011br\u016fm hlavn\u00edho m\u011bsta.<\/p>\n","protected":false},"excerpt":{"rendered":"<p>Do chuchelsk\u00e9 dopravy ur\u010dit\u011b pat\u0159\u00ed i kuriozn\u00ed zpr\u00e1va t\u00fdkaj\u00edc\u00ed se tramvaje. V zachovan\u00fdch dokladech je uvedeno, \u017ee po roce 1894 z\u00edskal Franti\u0161ek K\u0159i\u017e\u00edk \u2013 vyn\u00e1lezce tramvaje, od ministerstva \u017eeleznic povolen\u00ed k technick\u00fdm prac\u00edm na odv\u00e1\u017en\u00fdch projektech prodlou\u017een\u00ed tramvaje po letensk\u00e9 &hellip; <a href=\"https:\/\/regionplus.cz\/chuchle\/zajimavosti\/doprava\/tramvaj\/\">Cel\u00fd p\u0159\u00edsp\u011bvek <span class=\"meta-nav\">&rarr;<\/span><\/a><\/p>\n","protected":false},"author":1,"featured_media":0,"parent":285,"menu_order":0,"comment_status":"closed","ping_status":"closed","template":"","meta":{"footnotes":""},"class_list":["post-1215","page","type-page","status-publish","hentry"],"_links":{"self":[{"href":"https:\/\/regionplus.cz\/chuchle\/wp-json\/wp\/v2\/pages\/1215","targetHints":{"allow":["GET"]}}],"collection":[{"href":"https:\/\/regionplus.cz\/chuchle\/wp-json\/wp\/v2\/pages"}],"about":[{"href":"https:\/\/regionplus.cz\/chuchle\/wp-json\/wp\/v2\/types\/page"}],"author":[{"embeddable":true,"href":"https:\/\/regionplus.cz\/chuchle\/wp-json\/wp\/v2\/users\/1"}],"replies":[{"embeddable":true,"href":"https:\/\/regionplus.cz\/chuchle\/wp-json\/wp\/v2\/comments?post=1215"}],"version-history":[{"count":1,"href":"https:\/\/regionplus.cz\/chuchle\/wp-json\/wp\/v2\/pages\/1215\/revisions"}],"predecessor-version":[{"id":1216,"href":"https:\/\/regionplus.cz\/chuchle\/wp-json\/wp\/v2\/pages\/1215\/revisions\/1216"}],"up":[{"embeddable":true,"href":"https:\/\/regionplus.cz\/chuchle\/wp-json\/wp\/v2\/pages\/285"}],"wp:attachment":[{"href":"https:\/\/regionplus.cz\/chuchle\/wp-json\/wp\/v2\/media?parent=1215"}],"curies":[{"name":"wp","href":"https:\/\/api.w.org\/{rel}","templated":true}]}}