{"id":1187,"date":"2025-08-05T21:40:18","date_gmt":"2025-08-05T19:40:18","guid":{"rendered":"https:\/\/regionplus.cz\/chuchle\/?page_id=1187"},"modified":"2025-08-05T21:44:47","modified_gmt":"2025-08-05T19:44:47","slug":"vodovod","status":"publish","type":"page","link":"https:\/\/regionplus.cz\/chuchle\/zajimavosti\/vodovod\/","title":{"rendered":"Vodovod"},"content":{"rendered":"<p>V pramenn\u00e9 oblasti na \u00fapat\u00ed Drbce, p\u0159esn\u011bji \u0159e\u010deno u dne\u0161n\u00ed osady Tu\u010d\u0148\u00e1k (dnes na katastru m\u011bstsk\u00e9 \u010d\u00e1sti Praha &#8211; Slivenec v ulici K Homolce), z\u0159\u00eddila obec Velk\u00e1 Chuchle po velk\u00fdch probl\u00e9mech v roce 1929 gravita\u010dn\u00ed vodovod. Musela se p\u0159itom zadlu\u017eit u sliveneck\u00e9 kampeli\u010dky a zbraslavsk\u00e9 z\u00e1lo\u017eny. Tehdy z\u0159ejm\u011b je\u0161t\u011b siln\u00e9 sliveneck\u00e9 prameny slou\u017eily chuchelsk\u00e9mu vodovodu a\u017e do roku 1936, kdy obec Velk\u00e1 Chuchle vybudovala novou obecn\u00ed studnu na dostihov\u00e9m z\u00e1vodi\u0161ti, kter\u00e1 ji\u017e pln\u011b dosta\u010dovala vzr\u016fstaj\u00edc\u00edm po\u017eadavk\u016fm obce. Nen\u00e1padn\u00e1 stavba chuchelsk\u00e9ho vodovodu st\u00e1la v osad\u011b Tu\u010d\u0148\u00e1k a\u017e do roku 2008 , kdy byla shled\u00e1na Magistr\u00e1tem hl. m. Prahy jako nepot\u0159ebn\u00e1 a zbour\u00e1na.<\/p>\n<div id=\"attachment_1190\" style=\"width: 220px\" class=\"wp-caption alignleft\"><a href=\"http:\/\/regionplus.cz\/chuchle\/wp-content\/uploads\/sites\/2\/2025\/08\/chuchle-vodovod-1996-a.jpg\"><img loading=\"lazy\" decoding=\"async\" aria-describedby=\"caption-attachment-1190\" class=\"size-medium wp-image-1190\" src=\"http:\/\/regionplus.cz\/chuchle\/wp-content\/uploads\/sites\/2\/2025\/08\/chuchle-vodovod-1996-a-210x300.jpg\" alt=\"\" width=\"210\" height=\"300\" srcset=\"https:\/\/regionplus.cz\/chuchle\/wp-content\/uploads\/sites\/2\/2025\/08\/chuchle-vodovod-1996-a-210x300.jpg 210w, https:\/\/regionplus.cz\/chuchle\/wp-content\/uploads\/sites\/2\/2025\/08\/chuchle-vodovod-1996-a.jpg 600w\" sizes=\"auto, (max-width: 210px) 100vw, 210px\" \/><\/a><p id=\"caption-attachment-1190\" class=\"wp-caption-text\">Historick\u00fd chuchelsk\u00fd vodovod v ulici K Homolce (stav v roce 1996)<\/p><\/div>\n","protected":false},"excerpt":{"rendered":"<p>V pramenn\u00e9 oblasti na \u00fapat\u00ed Drbce, p\u0159esn\u011bji \u0159e\u010deno u dne\u0161n\u00ed osady Tu\u010d\u0148\u00e1k (dnes na katastru m\u011bstsk\u00e9 \u010d\u00e1sti Praha &#8211; Slivenec v ulici K Homolce), z\u0159\u00eddila obec Velk\u00e1 Chuchle po velk\u00fdch probl\u00e9mech v roce 1929 gravita\u010dn\u00ed vodovod. Musela se p\u0159itom zadlu\u017eit &hellip; <a href=\"https:\/\/regionplus.cz\/chuchle\/zajimavosti\/vodovod\/\">Cel\u00fd p\u0159\u00edsp\u011bvek <span class=\"meta-nav\">&rarr;<\/span><\/a><\/p>\n","protected":false},"author":1,"featured_media":0,"parent":225,"menu_order":0,"comment_status":"closed","ping_status":"closed","template":"","meta":{"footnotes":""},"class_list":["post-1187","page","type-page","status-publish","hentry"],"_links":{"self":[{"href":"https:\/\/regionplus.cz\/chuchle\/wp-json\/wp\/v2\/pages\/1187","targetHints":{"allow":["GET"]}}],"collection":[{"href":"https:\/\/regionplus.cz\/chuchle\/wp-json\/wp\/v2\/pages"}],"about":[{"href":"https:\/\/regionplus.cz\/chuchle\/wp-json\/wp\/v2\/types\/page"}],"author":[{"embeddable":true,"href":"https:\/\/regionplus.cz\/chuchle\/wp-json\/wp\/v2\/users\/1"}],"replies":[{"embeddable":true,"href":"https:\/\/regionplus.cz\/chuchle\/wp-json\/wp\/v2\/comments?post=1187"}],"version-history":[{"count":4,"href":"https:\/\/regionplus.cz\/chuchle\/wp-json\/wp\/v2\/pages\/1187\/revisions"}],"predecessor-version":[{"id":1192,"href":"https:\/\/regionplus.cz\/chuchle\/wp-json\/wp\/v2\/pages\/1187\/revisions\/1192"}],"up":[{"embeddable":true,"href":"https:\/\/regionplus.cz\/chuchle\/wp-json\/wp\/v2\/pages\/225"}],"wp:attachment":[{"href":"https:\/\/regionplus.cz\/chuchle\/wp-json\/wp\/v2\/media?parent=1187"}],"curies":[{"name":"wp","href":"https:\/\/api.w.org\/{rel}","templated":true}]}}