{"id":111,"date":"2021-10-02T22:59:20","date_gmt":"2021-10-02T20:59:20","guid":{"rendered":"http:\/\/regionplus.cz\/chuchle\/?page_id=111"},"modified":"2023-05-10T21:18:11","modified_gmt":"2023-05-10T19:18:11","slug":"janova-anita","status":"publish","type":"page","link":"https:\/\/regionplus.cz\/chuchle\/vyznamne-osobnosti\/janova-anita\/","title":{"rendered":"Janov\u00e1 Anita"},"content":{"rendered":"<p>19. 12. 1907 &#8211; 24. 4. 1975<\/p>\n<p>(Vlastn\u00edm jm\u00e9nem Anna Janou\u0161kov\u00e1)<\/p>\n<p>&nbsp;<\/p>\n<p>Dal\u0161\u00ed zdroje (2. 10. 2021):<\/p>\n<p><a href=\"https:\/\/www.csfd.cz\/tvurce\/1200-anita-janova\/biografie\/\">https:\/\/www.csfd.cz\/tvurce\/1200-anita-janova\/biografie\/<\/a><\/p>\n","protected":false},"excerpt":{"rendered":"<p>19. 12. 1907 &#8211; 24. 4. 1975 (Vlastn\u00edm jm\u00e9nem Anna Janou\u0161kov\u00e1) &nbsp; Dal\u0161\u00ed zdroje (2. 10. 2021): https:\/\/www.csfd.cz\/tvurce\/1200-anita-janova\/biografie\/<\/p>\n","protected":false},"author":1,"featured_media":0,"parent":96,"menu_order":0,"comment_status":"closed","ping_status":"closed","template":"","meta":{"footnotes":""},"class_list":["post-111","page","type-page","status-publish","hentry"],"_links":{"self":[{"href":"https:\/\/regionplus.cz\/chuchle\/wp-json\/wp\/v2\/pages\/111","targetHints":{"allow":["GET"]}}],"collection":[{"href":"https:\/\/regionplus.cz\/chuchle\/wp-json\/wp\/v2\/pages"}],"about":[{"href":"https:\/\/regionplus.cz\/chuchle\/wp-json\/wp\/v2\/types\/page"}],"author":[{"embeddable":true,"href":"https:\/\/regionplus.cz\/chuchle\/wp-json\/wp\/v2\/users\/1"}],"replies":[{"embeddable":true,"href":"https:\/\/regionplus.cz\/chuchle\/wp-json\/wp\/v2\/comments?post=111"}],"version-history":[{"count":3,"href":"https:\/\/regionplus.cz\/chuchle\/wp-json\/wp\/v2\/pages\/111\/revisions"}],"predecessor-version":[{"id":671,"href":"https:\/\/regionplus.cz\/chuchle\/wp-json\/wp\/v2\/pages\/111\/revisions\/671"}],"up":[{"embeddable":true,"href":"https:\/\/regionplus.cz\/chuchle\/wp-json\/wp\/v2\/pages\/96"}],"wp:attachment":[{"href":"https:\/\/regionplus.cz\/chuchle\/wp-json\/wp\/v2\/media?parent=111"}],"curies":[{"name":"wp","href":"https:\/\/api.w.org\/{rel}","templated":true}]}}