{"id":1102,"date":"2026-03-28T12:26:49","date_gmt":"2026-03-28T11:26:49","guid":{"rendered":"https:\/\/regionplus.cz\/chuchle\/?page_id=1102"},"modified":"2026-03-28T20:38:05","modified_gmt":"2026-03-28T19:38:05","slug":"chuchle-ve-filmu","status":"publish","type":"page","link":"https:\/\/regionplus.cz\/chuchle\/zajimavosti\/chuchle-ve-filmu\/","title":{"rendered":"Chuchle ve filmu"},"content":{"rendered":"<p><strong>Filmy<\/strong><\/p>\n<ul>\n<li>Skaln\u00ed \u0161evci (1931) &#8211; Dostihov\u00e1 ulice<\/li>\n<li>Polsk\u00e1 krev (1934) &#8211; ve filmu je z\u00e1b\u011br z dostihov\u00e9ho z\u00e1vodi\u0161t\u011b<\/li>\n<li>Hrdinn\u00fd kapit\u00e1n Korkor\u00e1n (1934) &#8211; z\u00e1b\u011br na parn\u00edk z n\u00e1b\u0159e\u017e\u00ed u Velk\u00e9 Chuchle<\/li>\n<li>Barbora \u0159\u00e1d (1935) &#8211; Mal\u00e1 Chuchle &#8211; l\u00e1zn\u011b, \u017eelezni\u010dn\u00ed zast\u00e1vka, \u017eeleznice<\/li>\n<li>\u017dena pod k\u0159\u00ed\u017eem (1937) &#8211; Vltava v Mal\u00e9 Chuchli<\/li>\n<li>Vandiny trampoty (1938) &#8211; Zbraslavsk\u00e1, Podjezd<\/li>\n<li>Osmn\u00e1ctilet\u00e1 (1939) &#8211; Strakonick\u00e1, \u017eelezni\u010dn\u00ed p\u0159ejezd v Mal\u00e9 Chuchli (vechtr)<\/li>\n<li>Gabriela (1941) &#8211; dostihov\u00e9 z\u00e1vodi\u0161t\u011b<\/li>\n<li>Nev\u00edme dne (1946) &#8211; k\u0159i\u017eovatka ulic Dostihov\u00e1-Strakovick\u00e1, akc\u00edz (dokument\u00e1rn\u00ed film)<\/li>\n<li>Poslu\u0161n\u011b hl\u00e1s\u00edm (1957) &#8211; Chuchelsk\u00fd h\u00e1j, rozcest\u00ed pod \u017d\u00e1kov\u00fdm lomem<\/li>\n<li>P\u011bt z mili\u00f3nu (1959) &#8211; v z\u00e1v\u011bre\u010dn\u00e9 sekvenci filmu je zachycena Strakonick\u00e1 ulice.<\/li>\n<li>Val\u010d\u00edk pro mili\u00f3n (1960) &#8211; Strakonick\u00e1 ulice<\/li>\n<li>Kolik slov sta\u010d\u00ed l\u00e1sce (1961) &#8211; Strakonick\u00e1 v Mal\u00e9 Chuchle, lod\u011bnice USK<\/li>\n<li>Pra\u017esk\u00e1 ned\u011ble (1963) &#8211; Strakonick\u00e1 (dokument\u00e1rn\u00ed film)<\/li>\n<li>Strach (1963) &#8211; Mal\u00e1 Chuchle, Branick\u00fd most<\/li>\n<li>Poklad byzantsk\u00e9ho kupce (1966) &#8211; film vrchol\u00ed na chuchelsk\u00e9m h\u0159bitov\u011b<\/li>\n<li>Happy end (1967) &#8211; dostihov\u00e9 z\u00e1vodi\u0161t\u011b<\/li>\n<li>P\u0159\u00edsn\u011b tajn\u00e9 premi\u00e9ry (1967) &#8211; Pacoldova v\u00e1penka<\/li>\n<li>Ecce homo Homolka (1969) &#8211; \u010d\u00e1st filmu se odehr\u00e1v\u00e1 na chuchelsk\u00e9m z\u00e1vodi\u0161ti<\/li>\n<li>Jeden z nich je vrah (1970) -.ve filmu je z\u00e1b\u011br z dostihov\u00e9ho z\u00e1vodi\u0161t\u011b<\/li>\n<li>Jeden z nich je vrah (1970) &#8211; dostihov\u00e9 z\u00e1vodi\u0161t\u011b<\/li>\n<li>Karlovar\u0161t\u00ed pon\u00edci (1971) &#8211; dostihov\u00e9 z\u00e1vodi\u0161t\u011b?<\/li>\n<li>Jezdec formule risk (1973) &#8211; dostihov\u00e9 z\u00e1vodi\u0161t\u011b<\/li>\n<li>Za volantem nep\u0159\u00edtel (1974) &#8211; dostihov\u00e9 z\u00e1vodi\u0161t\u011b<\/li>\n<li>Smrt na \u010derno (1976) &#8211; ve filmu odehr\u00e1vaj\u00edc\u00edm se v l\u00e9t\u011b 1947 si zahr\u00e1lo dostihov\u00e9 z\u00e1vodi\u0161t\u011b s p\u016fvodn\u00edmi tribunami<\/li>\n<li>Z\u00edtra vstanu a opa\u0159\u00edm se \u010dajem (1977) &#8211; chuchelsk\u00e1 skl\u00e1dka<\/li>\n<li>Pumpa\u0159i od Zlat\u00e9 podkovy (1978) &#8211; v\u011bt\u0161ina filmu se odehr\u00e1v\u00e1 na benzinov\u00e9 stanici v Mal\u00e9 Chuchli<\/li>\n<li>Neohl\u00ed\u017eej se, jde za n\u00e1mi k\u016f\u0148 (1979) &#8211; dostihov\u00e9 z\u00e1vodi\u0161t\u011b<\/li>\n<li>Dostih (1981) &#8211; film se odehr\u00e1v\u00e1 na dostihov\u00e9m z\u00e1vodi\u0161ti<\/li>\n<li>Obecn\u00e1 \u0161kola (1991) &#8211; \u010d\u00e1st filmu se odehr\u00e1v\u00e1 na rekultivovan\u00e9 skl\u00e1dce mezi Velkou Chuchl\u00ed a Slivencem<\/li>\n<li>Kr\u00e1ska v nesn\u00e1z\u00edch (2006) &#8211; b\u00fdval\u00e1 Klauzova tov\u00e1rna<\/li>\n<li>Gangster Ka (2015) &#8211; vila v ulici U Ba\u017eantnice<\/li>\n<\/ul>\n<p><strong>Televizn\u00ed seri\u00e1ly<\/strong><\/p>\n<ul>\n<li>P\u00edse\u0148 pro Rudolfa III. (1967) &#8211; dostihov\u00e9 z\u00e1vodi\u0161t\u011b (2. d\u00edl &#8211; Mu\u017e v redingotu)<\/li>\n<li>Pan Tau (1969) &#8211; dostihov\u00e9 z\u00e1vodi\u0161t\u011b (13. d\u00edl &#8211; Pan Tau a tis\u00edc kouzel)<\/li>\n<li>T\u0159icet p\u0159\u00edpad\u016f majora Zemana (1974-1979) &#8211; v 1. d\u00edle (Smrt u jezera) pochov\u00e1v\u00e1 Jan Zeman sv\u00e9ho otce na chuchelsk\u00e9m h\u0159bitov\u011b\u00a0 (\u010ceskoslovensk\u00e1 televize)<\/li>\n<li>Dobr\u00e1 voda (1982) &#8211; ?<\/li>\n<li>Sanitka (1984) &#8211; dostihov\u00e9 z\u00e1vodi\u0161t\u011b (9. d\u00edl)<\/li>\n<li>Slavn\u00e9 historky zbojnick\u00e9 (1985) &#8211; v\u0161echny d\u00edly seri\u00e1lu za\u010d\u00ednaj\u00ed \u00favodem, p\u0159i kter\u00e9m herec Milo\u0161 Kopeck\u00fd na chuchelsk\u00e9m z\u00e1vodi\u0161ti uv\u00e1d\u00ed jednotliv\u00e9 p\u0159\u00edb\u011bhy (\u010ceskoslovensk\u00e1 televize)<\/li>\n<li>O zv\u00ed\u0159atech a lidech (1993) &#8211; dostihov\u00e9 z\u00e1vodi\u0161t\u011b (13. d\u00edl &#8211; Z\u00e1vod)<\/li>\n<li>Zdivo\u010del\u00e1 zem\u011b (1997) &#8211; dostihov\u00e9 z\u00e1vodi\u0161t\u011b (doln\u00ed st\u00e1je)<\/li>\n<li>Ob\u011bti (1999) &#8211; minizoo v Chuchelsk\u00e9m h\u00e1ji (d\u00edl: Karambol)<\/li>\n<li>Hop nebo trop (2004) &#8211; Strakonick\u00e1 ulice (7. d\u00edl &#8211; \u017deny ve v\u011btru)<\/li>\n<li>O\u0161klivka Katka (2008) &#8211; na Vltav\u011b (61. d\u00edl)<\/li>\n<li>Znamen\u00ed kon\u011b (2011) &#8211; seri\u00e1l z dostihov\u00e9ho prost\u0159ed\u00ed, odehr\u00e1v\u00e1 se tak\u00e9 na dostihov\u00e9m z\u00e1vodi\u0161ti<\/li>\n<li>Cirkus Bukowski II (2013) &#8211; Mezichuchelsk\u00e1 ulice (6. d\u00edl)<\/li>\n<li>J\u00e1, Mattoni (2016) &#8211; kostel sv. Jana Nepomuck\u00e9ho (11. d\u00edl &#8211; Hra na \u0161t\u011bst\u00ed)<\/li>\n<li>Polda (2016) &#8211; dostihov\u00e9 z\u00e1vodi\u0161t\u011b (d\u00edl Dostihy smrti)<\/li>\n<li>Oktopus (2023) &#8211; dostihov\u00e9 z\u00e1vodi\u0161t\u011b (zadn\u00ed ochoz tribuny (1. d\u00edl Ztracen\u00fd p\u0159\u00edpad)<\/li>\n<li>O kon\u00edch a lidech (2025) &#8211; \u010d\u00e1st seri\u00e1lu se odehr\u00e1v\u00e1 na chuchelsk\u00e9m z\u00e1vodi\u0161ti (Prima)<\/li>\n<\/ul>\n<p><strong>Nejzaj\u00edmav\u011bj\u0161\u00ed televizn\u00ed dokumenty<\/strong><\/p>\n<ul>\n<li>Velk\u00e1 Chuchle dostihov\u00e1 (2006, \u010cesk\u00e1 televize) &#8211; po\u0159ad z cyklu Hled\u00e1n\u00ed ztracen\u00e9ho \u010dasu<\/li>\n<li>Chuchelsk\u00e9 prom\u011bny (2006, \u010cesk\u00e1 televize, re\u017eie: Karel Jon\u00e1k) &#8211; dokument o historii dostihov\u00e9ho z\u00e1vodi\u0161t\u011b<\/li>\n<li>Z metropole (22. \u0159\u00edjna 2016) &#8211;<a href=\"https:\/\/www.ceskatelevize.cz\/porady\/10116288835-z-metropole\/216411058230043\/\"> report\u00e1\u017e o historii dostihov\u00e9ho z\u00e1vodi\u0161t\u011b<\/a><\/li>\n<li>Jezdci.cz (2019): <a href=\"https:\/\/www.jezdci.cz\/clanky\/odkaz-stare-chuchle-osudovy-obraz-ceskeho-turfu-se-vratil-do-vaznice\">Odkaz star\u00e9 Chuchle. Osudov\u00fd obraz \u010desk\u00e9ho turfu se vr\u00e1til do v\u00e1\u017enice<\/a><\/li>\n<li>Archiv \u010cT 24\u00a0 (2021) &#8211; <a href=\"https:\/\/www.ceskatelevize.cz\/porady\/10116288585-archiv-ct24\/221411058210019\/\">d\u00edl P\u011bstitel\u00e9 a zahr\u00e1dk\u00e1\u0159i,<\/a> report\u00e1\u017e z filmov\u00e9ho t\u00fdden\u00edku Zahradnictv\u00ed v Chuchli m\u00e1 uv\u011bdom\u011bl\u00e9 pracovn\u00edky (1949)<\/li>\n<li>Ud\u00e1losti v regionech (3. \u010dervna 2025) &#8211; <a href=\"https:\/\/www.ceskatelevize.cz\/porady\/10118379000-udalosti-v-regionech-praha\/225411000140603\/\">Stavba \u017eelezni\u010dn\u00edho nadjezdu ve Velk\u00e9 Chuchli\u00a0<\/a><\/li>\n<\/ul>\n<p>&nbsp;<\/p>\n<p><strong>Zaj\u00edmavosti<\/strong><\/p>\n<ul>\n<li>Skok do tmy (1964) &#8211; jedna z vedlej\u0161\u00edch postav filmu (Honza) m\u00e1 fiktivn\u00ed adresu bydli\u0161t\u011b Zahradn\u00ed 12, Chuchle.<\/li>\n<li>Legend\u00e1rn\u00ed hl\u00e1\u0161ka: &#8222;Pojedete do Chuchle!&#8220; zazn\u011bla ve filmu Kdo chce zab\u00edt Jessii? (1966, re\u017eie: V\u00e1clav Vorl\u00ed\u010dek)<\/li>\n<\/ul>\n","protected":false},"excerpt":{"rendered":"<p>Filmy Skaln\u00ed \u0161evci (1931) &#8211; Dostihov\u00e1 ulice Polsk\u00e1 krev (1934) &#8211; ve filmu je z\u00e1b\u011br z dostihov\u00e9ho z\u00e1vodi\u0161t\u011b Hrdinn\u00fd kapit\u00e1n Korkor\u00e1n (1934) &#8211; z\u00e1b\u011br na parn\u00edk z n\u00e1b\u0159e\u017e\u00ed u Velk\u00e9 Chuchle Barbora \u0159\u00e1d (1935) &#8211; Mal\u00e1 Chuchle &#8211; l\u00e1zn\u011b, \u017eelezni\u010dn\u00ed &hellip; <a href=\"https:\/\/regionplus.cz\/chuchle\/zajimavosti\/chuchle-ve-filmu\/\">Cel\u00fd p\u0159\u00edsp\u011bvek <span class=\"meta-nav\">&rarr;<\/span><\/a><\/p>\n","protected":false},"author":1,"featured_media":0,"parent":225,"menu_order":0,"comment_status":"closed","ping_status":"closed","template":"","meta":{"footnotes":""},"class_list":["post-1102","page","type-page","status-publish","hentry"],"_links":{"self":[{"href":"https:\/\/regionplus.cz\/chuchle\/wp-json\/wp\/v2\/pages\/1102","targetHints":{"allow":["GET"]}}],"collection":[{"href":"https:\/\/regionplus.cz\/chuchle\/wp-json\/wp\/v2\/pages"}],"about":[{"href":"https:\/\/regionplus.cz\/chuchle\/wp-json\/wp\/v2\/types\/page"}],"author":[{"embeddable":true,"href":"https:\/\/regionplus.cz\/chuchle\/wp-json\/wp\/v2\/users\/1"}],"replies":[{"embeddable":true,"href":"https:\/\/regionplus.cz\/chuchle\/wp-json\/wp\/v2\/comments?post=1102"}],"version-history":[{"count":18,"href":"https:\/\/regionplus.cz\/chuchle\/wp-json\/wp\/v2\/pages\/1102\/revisions"}],"predecessor-version":[{"id":1272,"href":"https:\/\/regionplus.cz\/chuchle\/wp-json\/wp\/v2\/pages\/1102\/revisions\/1272"}],"up":[{"embeddable":true,"href":"https:\/\/regionplus.cz\/chuchle\/wp-json\/wp\/v2\/pages\/225"}],"wp:attachment":[{"href":"https:\/\/regionplus.cz\/chuchle\/wp-json\/wp\/v2\/media?parent=1102"}],"curies":[{"name":"wp","href":"https:\/\/api.w.org\/{rel}","templated":true}]}}