{"id":102,"date":"2021-10-02T22:54:52","date_gmt":"2021-10-02T20:54:52","guid":{"rendered":"http:\/\/regionplus.cz\/chuchle\/?page_id=102"},"modified":"2025-12-02T19:17:24","modified_gmt":"2025-12-02T18:17:24","slug":"borik-josef","status":"publish","type":"page","link":"https:\/\/regionplus.cz\/chuchle\/vyznamne-osobnosti\/borik-josef\/","title":{"rendered":"Bo\u0159\u00edk Josef"},"content":{"rendered":"<p>Narodil se 27. 11. 1920. Vyu\u010dil se jezdcem dostihov\u00fdch kon\u00ed u tren\u00e9r\u016f Jaroslava Ros\u00e1ka a Karla Truhl\u00e1\u0159e. V\u011bt\u0161inu sv\u00e9 jezdeck\u00e9 kari\u00e9ry str\u00e1vil ve st\u00e1ji Jaroslava Houry. Vyhr\u00e1l celkem 364 dostih\u016f, z toho \u010dty\u0159ikr\u00e1t zv\u00edt\u011bzil v presti\u017en\u00edm derby (1948 &#8211; Liber\u00e1l, 1950 &#8211; Svatava, 1953 &#8211; Makar, 1962 &#8211; Lyon). V letech 1953 &#8211; 1954 se stal \u0161ampionem jezdc\u016f a prosadil se i na mezin\u00e1rodn\u00edch m\u00edtinc\u00edch (Cena Var\u0161avy 1953 a Cena Moskvy 1962 s Lyonem). Zem\u0159el 21. 10. 2001. V roce 2012 byla po Josefu Bo\u0159\u00edkovi pojmenov\u00e1na jedna z ulic v m\u011bstsk\u00e9 \u010d\u00e1sti Praha &#8211; Velk\u00e1 Chuchle.<\/p>\n","protected":false},"excerpt":{"rendered":"<p>Narodil se 27. 11. 1920. Vyu\u010dil se jezdcem dostihov\u00fdch kon\u00ed u tren\u00e9r\u016f Jaroslava Ros\u00e1ka a Karla Truhl\u00e1\u0159e. V\u011bt\u0161inu sv\u00e9 jezdeck\u00e9 kari\u00e9ry str\u00e1vil ve st\u00e1ji Jaroslava Houry. Vyhr\u00e1l celkem 364 dostih\u016f, z toho \u010dty\u0159ikr\u00e1t zv\u00edt\u011bzil v presti\u017en\u00edm derby (1948 &#8211; Liber\u00e1l, &hellip; <a href=\"https:\/\/regionplus.cz\/chuchle\/vyznamne-osobnosti\/borik-josef\/\">Cel\u00fd p\u0159\u00edsp\u011bvek <span class=\"meta-nav\">&rarr;<\/span><\/a><\/p>\n","protected":false},"author":1,"featured_media":0,"parent":96,"menu_order":0,"comment_status":"closed","ping_status":"closed","template":"","meta":{"footnotes":""},"class_list":["post-102","page","type-page","status-publish","hentry"],"_links":{"self":[{"href":"https:\/\/regionplus.cz\/chuchle\/wp-json\/wp\/v2\/pages\/102","targetHints":{"allow":["GET"]}}],"collection":[{"href":"https:\/\/regionplus.cz\/chuchle\/wp-json\/wp\/v2\/pages"}],"about":[{"href":"https:\/\/regionplus.cz\/chuchle\/wp-json\/wp\/v2\/types\/page"}],"author":[{"embeddable":true,"href":"https:\/\/regionplus.cz\/chuchle\/wp-json\/wp\/v2\/users\/1"}],"replies":[{"embeddable":true,"href":"https:\/\/regionplus.cz\/chuchle\/wp-json\/wp\/v2\/comments?post=102"}],"version-history":[{"count":3,"href":"https:\/\/regionplus.cz\/chuchle\/wp-json\/wp\/v2\/pages\/102\/revisions"}],"predecessor-version":[{"id":1241,"href":"https:\/\/regionplus.cz\/chuchle\/wp-json\/wp\/v2\/pages\/102\/revisions\/1241"}],"up":[{"embeddable":true,"href":"https:\/\/regionplus.cz\/chuchle\/wp-json\/wp\/v2\/pages\/96"}],"wp:attachment":[{"href":"https:\/\/regionplus.cz\/chuchle\/wp-json\/wp\/v2\/media?parent=102"}],"curies":[{"name":"wp","href":"https:\/\/api.w.org\/{rel}","templated":true}]}}